{"id":5051,"date":"2015-11-27T18:25:50","date_gmt":"2015-11-27T17:25:50","guid":{"rendered":"https:\/\/olu-limburg.de\/?page_id=5051"},"modified":"2018-05-29T10:20:32","modified_gmt":"2018-05-29T08:20:32","slug":"an-der-nahe-fronleichnam-2012","status":"publish","type":"page","link":"https:\/\/olu-limburg.de\/?page_id=5051","title":{"rendered":"An die Nahe &#8211; Fronleichnam 2012"},"content":{"rendered":"<p>Text:Hans-Werner\u00a0\u00a0\u00a0\u00a0\u00a0\u00a0\u00a0\u00a0\u00a0\u00a0\u00a0\u00a0\u00a0\u00a0\u00a0\u00a0\u00a0\u00a0\u00a0\u00a0\u00a0\u00a0\u00a0\u00a0\u00a0\u00a0\u00a0\u00a0\u00a0\u00a0\u00a0\u00a0\u00a0\u00a0\u00a0\u00a0\u00a0\u00a0\u00a0\u00a0\u00a0\u00a0\u00a0\u00a0\u00a0\u00a0\u00a0\u00a0\u00a0\u00a0\u00a0\u00a0\u00a0\u00a0\u00a0\u00a0\u00a0\u00a0\u00a0\u00a0\u00a0\u00a0\u00a0\u00a0\u00a0\u00a0\u00a0\u00a0\u00a0\u00a0\u00a0\u00a0\u00a0\u00a0\u00a0\u00a0\u00a0\u00a0\u00a0\u00a0\u00a0\u00a0\u00a0\u00a0\u00a0\u00a0\u00a0\u00a0\u00a0\u00a0\u00a0\u00a0\u00a0\u00a0\u00a0\u00a0\u00a0\u00a0\u00a0\u00a0\u00a0\u00a0\u00a0\u00a0\u00a0\u00a0\u00a0\u00a0\u00a0\u00a0\u00a0\u00a0\u00a0\u00a0\u00a0\u00a0\u00a0\u00a0\u00a0\u00a0\u00a0\u00a0\u00a0\u00a0 Fotos: Hans-Werner und Lena<\/p>\n<p>&nbsp;<\/p>\n<p>\u00dcber das verl\u00e4ngerte Wochenende m\u00f6chten wir ein wenig raus, ohne viele Kilometer zu fahren. Das Wetter verhei\u00dft zwar nichts besonders Gutes, trotzdem gehen wir unser Ziel -die Nahe- an.<\/p>\n<p>&nbsp;<\/p>\n<p><strong>Mittwoch, 06.Juni 2012<\/strong><\/p>\n<p>Bereits in Wiesbaden sch\u00fcttet es wie aus &#8222;Eimern&#8220;. \u00dcberall steht das Wasser nur so auf der Stra\u00dfe. Mit der Zeit klart das Wetter aber auf.<\/p>\n<p>In Bad Sobernheim bekommen wir noch problemlos Platz auf dem Stellplatz (Vielleicht aber auch nur, weil auf dem Sportplatz nebenan \u00fcber das gesamte Wochenende ein Jugend-Handballturnier mit Zeltlager stattfindet.). Aber das Wetter ist wieder besser. Der Stellplatz hat gro\u00dfe Parzellen (Geb\u00fchr EUR 7,00\/N.; Strom pauschal EUR 2,00; Ents. frei; Wasser 80 l f\u00fcr EUR 1,00 und 10 l f\u00fcr EUR 0,10).<\/p>\n<p><a href=\"https:\/\/olu-limburg.de\/wp-content\/uploads\/2015\/11\/1_be89.jpg\"><img loading=\"lazy\" decoding=\"async\" class=\"size-full wp-image-5056 aligncenter\" src=\"https:\/\/olu-limburg.de\/wp-content\/uploads\/2015\/11\/1_be89.jpg\" alt=\"1_be89\" width=\"640\" height=\"480\" srcset=\"https:\/\/olu-limburg.de\/wp-content\/uploads\/2015\/11\/1_be89.jpg 640w, https:\/\/olu-limburg.de\/wp-content\/uploads\/2015\/11\/1_be89-300x225.jpg 300w, https:\/\/olu-limburg.de\/wp-content\/uploads\/2015\/11\/1_be89-624x468.jpg 624w\" sizes=\"auto, (max-width: 640px) 100vw, 640px\" \/><\/a><\/p>\n<p>Wir machen noch einen kleinen Spaziergang durch den Ort, den wir bereits von einem fr\u00fcheren Besuch kennen, werden in H\u00f6he des NETTO von einer Regenschauer erwischt, finden neue Ecken des Ortes, trinken zwei Wein und gehen zum Platz zur\u00fcck. Warum auf unserer SP-Seite so viel Platz war, merken wir jetzt &#8211; kein Fernsehempfang und kein Internet.<\/p>\n<p>Tagesstrecke: 104 km<\/p>\n<p>&nbsp;<\/p>\n<p><strong>Donnerstag, 07.Juni 2012 (Fronleichnam)<\/strong><\/p>\n<p>Bei tollem Wetter machen wir heute eine Radtour. Zuerst steuern wir in Merxheim das Pfarrfest, von dem wir Plakate gesehen haben, an. Dort soll es &#8222;Gef\u00fcllte&#8220; zu Essen geben, eine Spezialit\u00e4t der Nahe-Saar-Region. Wir sind aber noch etwas fr\u00fch, die Kirche ist noch nicht aus. So vertreiben wir uns die Zeit bei einem Glas Wein. Nach dem sich die Pl\u00e4tze so langsam gef\u00fcllt haben, gibt es noch etwas Musik und dann das gute Essen: Kartoffelklo\u00df mit Hackfleischf\u00fcllung in einer Schinken-Sahne-So\u00dfe und ein Sch\u00e4lchen Apfelmus.<\/p>\n<p><a href=\"https:\/\/olu-limburg.de\/wp-content\/uploads\/2015\/11\/2_f52f-e1448647157234.jpg\"><img loading=\"lazy\" decoding=\"async\" class=\"size-full wp-image-5057 aligncenter\" src=\"https:\/\/olu-limburg.de\/wp-content\/uploads\/2015\/11\/2_f52f-e1448647157234.jpg\" alt=\"2_f52f\" width=\"450\" height=\"600\" \/><\/a><\/p>\n<p><a href=\"https:\/\/olu-limburg.de\/wp-content\/uploads\/2015\/11\/3_0d03.jpg\"><img loading=\"lazy\" decoding=\"async\" class=\"size-full wp-image-5058 aligncenter\" src=\"https:\/\/olu-limburg.de\/wp-content\/uploads\/2015\/11\/3_0d03.jpg\" alt=\"3_0d03\" width=\"634\" height=\"475\" srcset=\"https:\/\/olu-limburg.de\/wp-content\/uploads\/2015\/11\/3_0d03.jpg 634w, https:\/\/olu-limburg.de\/wp-content\/uploads\/2015\/11\/3_0d03-300x224.jpg 300w, https:\/\/olu-limburg.de\/wp-content\/uploads\/2015\/11\/3_0d03-624x467.jpg 624w\" sizes=\"auto, (max-width: 634px) 100vw, 634px\" \/><\/a><\/p>\n<p><a href=\"https:\/\/olu-limburg.de\/wp-content\/uploads\/2015\/11\/4_3454.jpg\"><img loading=\"lazy\" decoding=\"async\" class=\"size-full wp-image-5059 aligncenter\" src=\"https:\/\/olu-limburg.de\/wp-content\/uploads\/2015\/11\/4_3454.jpg\" alt=\"4_3454\" width=\"634\" height=\"475\" srcset=\"https:\/\/olu-limburg.de\/wp-content\/uploads\/2015\/11\/4_3454.jpg 634w, https:\/\/olu-limburg.de\/wp-content\/uploads\/2015\/11\/4_3454-300x224.jpg 300w, https:\/\/olu-limburg.de\/wp-content\/uploads\/2015\/11\/4_3454-624x467.jpg 624w\" sizes=\"auto, (max-width: 634px) 100vw, 634px\" \/><\/a><\/p>\n<p><a href=\"https:\/\/olu-limburg.de\/wp-content\/uploads\/2015\/11\/5_f416-e1448647200692.jpg\"><img loading=\"lazy\" decoding=\"async\" class=\"size-full wp-image-5060 aligncenter\" src=\"https:\/\/olu-limburg.de\/wp-content\/uploads\/2015\/11\/5_f416-e1448647200692.jpg\" alt=\"5_f416\" width=\"450\" height=\"600\" \/><\/a><\/p>\n<p><a href=\"https:\/\/olu-limburg.de\/wp-content\/uploads\/2015\/11\/x_59d0.jpg\"><img loading=\"lazy\" decoding=\"async\" class=\"size-full wp-image-5065 aligncenter\" src=\"https:\/\/olu-limburg.de\/wp-content\/uploads\/2015\/11\/x_59d0.jpg\" alt=\"x_59d0\" width=\"640\" height=\"480\" srcset=\"https:\/\/olu-limburg.de\/wp-content\/uploads\/2015\/11\/x_59d0.jpg 640w, https:\/\/olu-limburg.de\/wp-content\/uploads\/2015\/11\/x_59d0-300x225.jpg 300w, https:\/\/olu-limburg.de\/wp-content\/uploads\/2015\/11\/x_59d0-624x468.jpg 624w\" sizes=\"auto, (max-width: 640px) 100vw, 640px\" \/><\/a><\/p>\n<p>Nach dem Essen k\u00f6nnen wir noch nicht aufs Fahrrad. Deshalb machen wir noch einen Spaziergang zum Weingut Klein, dem Lieferanten des Pfarrfestes, und schauen uns die Kirche an, die ehemals als Schlosskirche erbaut worden ist.<\/p>\n<p>Jetzt k\u00f6nnen wir weiter fahren und schaffen es auch bis Kirn. Hier machen wir noch einen ganz kleinen Rundgang, essen auf dem Marktplatz ein Eis und machen uns wieder auf den R\u00fcckweg. Die Radwege waren \u00fcberall toll ausgeschildert.<\/p>\n<p><a href=\"https:\/\/olu-limburg.de\/wp-content\/uploads\/2015\/11\/x_5cf4.jpg\"><img loading=\"lazy\" decoding=\"async\" class=\"size-full wp-image-5063 aligncenter\" src=\"https:\/\/olu-limburg.de\/wp-content\/uploads\/2015\/11\/x_5cf4.jpg\" alt=\"x_5cf4\" width=\"640\" height=\"480\" srcset=\"https:\/\/olu-limburg.de\/wp-content\/uploads\/2015\/11\/x_5cf4.jpg 640w, https:\/\/olu-limburg.de\/wp-content\/uploads\/2015\/11\/x_5cf4-300x225.jpg 300w, https:\/\/olu-limburg.de\/wp-content\/uploads\/2015\/11\/x_5cf4-624x468.jpg 624w\" sizes=\"auto, (max-width: 640px) 100vw, 640px\" \/><\/a><\/p>\n<p><a href=\"https:\/\/olu-limburg.de\/wp-content\/uploads\/2015\/11\/x_e849-e1448654608763.jpg\"><img loading=\"lazy\" decoding=\"async\" class=\"size-full wp-image-5073 alignleft\" src=\"https:\/\/olu-limburg.de\/wp-content\/uploads\/2015\/11\/x_e849-e1448654608763.jpg\" alt=\"x_e849\" width=\"450\" height=\"600\" \/><\/a><\/p>\n<p><a href=\"https:\/\/olu-limburg.de\/wp-content\/uploads\/2015\/11\/x_c1a1-e1448654630342.jpg\"><img loading=\"lazy\" decoding=\"async\" class=\"size-full wp-image-5071 aligncenter\" src=\"https:\/\/olu-limburg.de\/wp-content\/uploads\/2015\/11\/x_c1a1-e1448654630342.jpg\" alt=\"x_c1a1\" width=\"450\" height=\"600\" \/><\/a><\/p>\n<p>Abends gibt es noch ein heftiges Gewitter. Die Zelter des Sportfestes tuen mir leid.<\/p>\n<p>Tagesstrecke: 0 km<\/p>\n<p>&nbsp;<\/p>\n<p><strong>Freitag, 08.Juni2012<\/strong><\/p>\n<p>Wir haben jetzt zwei N\u00e4chte mit lauter Musik gehabt, und nur in Bad Sobernheim m\u00f6chten wir auch nicht bleiben, also fahren wir heute Morgen etwas weiter, auf den Stellplatz nach Fischbach (Geb\u00fchr EUR 6,50 f\u00fcr die erste Nacht, zweite und dritte Nacht wird dann immer billiger; Strom EUR 2,00 pauschal; V+E kostenlos). Der SP liegt wunderbar, direkt an der Nahe, und wird toll gef\u00fchrt. Der Besitzer wohnt selbst mit seinem Womo auf dem Platz.<\/p>\n<p><a href=\"https:\/\/olu-limburg.de\/wp-content\/uploads\/2015\/11\/x_bd4c.jpg\"><img loading=\"lazy\" decoding=\"async\" class=\"size-full wp-image-5070 aligncenter\" src=\"https:\/\/olu-limburg.de\/wp-content\/uploads\/2015\/11\/x_bd4c.jpg\" alt=\"x_bd4c\" width=\"640\" height=\"480\" srcset=\"https:\/\/olu-limburg.de\/wp-content\/uploads\/2015\/11\/x_bd4c.jpg 640w, https:\/\/olu-limburg.de\/wp-content\/uploads\/2015\/11\/x_bd4c-300x225.jpg 300w, https:\/\/olu-limburg.de\/wp-content\/uploads\/2015\/11\/x_bd4c-624x468.jpg 624w\" sizes=\"auto, (max-width: 640px) 100vw, 640px\" \/><\/a><\/p>\n<p>Wir wollen uns noch etwas bewegen und auch Essen. Dabei landen wir beim GLOBUS (etwas \u00fcber einen Km entfernt), feiern mit dem GLOBUS Geburtstag und essen einen Spie\u00dfbraten (wir w\u00fcrden superdickes 3 cm hohes Schwenksteak sagen) mit Br\u00f6tchen und saurer Gurke f\u00fcr EUR 4,50.<\/p>\n<p><a href=\"https:\/\/olu-limburg.de\/wp-content\/uploads\/2015\/11\/x_0052.jpg\"><img loading=\"lazy\" decoding=\"async\" class=\"size-full wp-image-5064 aligncenter\" src=\"https:\/\/olu-limburg.de\/wp-content\/uploads\/2015\/11\/x_0052.jpg\" alt=\"x_0052\" width=\"640\" height=\"480\" srcset=\"https:\/\/olu-limburg.de\/wp-content\/uploads\/2015\/11\/x_0052.jpg 640w, https:\/\/olu-limburg.de\/wp-content\/uploads\/2015\/11\/x_0052-300x225.jpg 300w, https:\/\/olu-limburg.de\/wp-content\/uploads\/2015\/11\/x_0052-624x468.jpg 624w\" sizes=\"auto, (max-width: 640px) 100vw, 640px\" \/><\/a><\/p>\n<p>Zur\u00fcck beim Womo, ruhen wir uns in der Sonne aus. Nach kurzer Zeit werden wir aber von einem lauten Gehupe geweckt. Der B\u00e4cker f\u00e4hrt den Stellplatz morgens und nachmittags an. Also nichts mit Sch\u00f6nheitsschlaf in der Sonne. So machen wir noch einen kleinen Spaziergang zum alten Kupferbergwerk, etwa 3 km oberhalb von Fischbach.<\/p>\n<p><a href=\"https:\/\/olu-limburg.de\/wp-content\/uploads\/2015\/11\/x_3bc4.jpg\"><img loading=\"lazy\" decoding=\"async\" class=\"size-full wp-image-5062 aligncenter\" src=\"https:\/\/olu-limburg.de\/wp-content\/uploads\/2015\/11\/x_3bc4.jpg\" alt=\"x_3bc4\" width=\"640\" height=\"480\" srcset=\"https:\/\/olu-limburg.de\/wp-content\/uploads\/2015\/11\/x_3bc4.jpg 640w, https:\/\/olu-limburg.de\/wp-content\/uploads\/2015\/11\/x_3bc4-300x225.jpg 300w, https:\/\/olu-limburg.de\/wp-content\/uploads\/2015\/11\/x_3bc4-624x468.jpg 624w\" sizes=\"auto, (max-width: 640px) 100vw, 640px\" \/><\/a><\/p>\n<p>Tagesstrecke: 24 km<\/p>\n<p>&nbsp;<\/p>\n<p><strong>Samstag, 09. Juni 2012<\/strong><\/p>\n<p>Heute m\u00f6chten wir eine kleine Rundfahrt mit dem Womo machen, aber nachher wieder auf unseren Platz nach Fischbach zur\u00fcckkommen. Dies ist f\u00fcr den Betreiber \u00fcberhaupt kein Problem und ganz flott habe ich ein sch\u00f6nes &#8222;Belegt&#8220;- Schild f\u00fcr unseren Platz.<\/p>\n<p>Nach einer etwas umst\u00e4ndlichen Parkplatzsuche spazieren wir durch Oberstein. Das Stadtbild wird verst\u00e4ndlicherweise von den Edelsteinen beherrscht, aber auch von den allgegenw\u00e4rtigen Spie\u00dfbraten, der \u00f6rtlichen Spezialit\u00e4t.<\/p>\n<p><a href=\"https:\/\/olu-limburg.de\/wp-content\/uploads\/2015\/11\/x_d146-e1448654811329.jpg\"><img loading=\"lazy\" decoding=\"async\" class=\"size-full wp-image-5072 alignleft\" src=\"https:\/\/olu-limburg.de\/wp-content\/uploads\/2015\/11\/x_d146-e1448654811329.jpg\" alt=\"x_d146\" width=\"450\" height=\"601\" \/><\/a><\/p>\n<p><a href=\"https:\/\/olu-limburg.de\/wp-content\/uploads\/2015\/11\/xx_f6ae.jpg\"><img loading=\"lazy\" decoding=\"async\" class=\"size-full wp-image-5079 alignright\" src=\"https:\/\/olu-limburg.de\/wp-content\/uploads\/2015\/11\/xx_f6ae-e1448654854660.jpg\" alt=\"xx_f6ae\" width=\"450\" height=\"600\" \/><\/a><\/p>\n<p><a href=\"https:\/\/olu-limburg.de\/wp-content\/uploads\/2015\/11\/xxx_f980.jpg\"><img loading=\"lazy\" decoding=\"async\" class=\"size-full wp-image-5082 aligncenter\" src=\"https:\/\/olu-limburg.de\/wp-content\/uploads\/2015\/11\/xxx_f980.jpg\" alt=\"xxx_f980\" width=\"602\" height=\"452\" srcset=\"https:\/\/olu-limburg.de\/wp-content\/uploads\/2015\/11\/xxx_f980.jpg 602w, https:\/\/olu-limburg.de\/wp-content\/uploads\/2015\/11\/xxx_f980-300x225.jpg 300w\" sizes=\"auto, (max-width: 602px) 100vw, 602px\" \/><\/a><\/p>\n<p><a href=\"https:\/\/olu-limburg.de\/wp-content\/uploads\/2015\/11\/xxxx_02e3-e1448654883999.jpg\"><img loading=\"lazy\" decoding=\"async\" class=\"size-full wp-image-5083 aligncenter\" src=\"https:\/\/olu-limburg.de\/wp-content\/uploads\/2015\/11\/xxxx_02e3-e1448654883999.jpg\" alt=\"xxxx_02e3\" width=\"450\" height=\"600\" \/><\/a><\/p>\n<p>Danach geht es noch nach Idar. Dort ist heute ein Edelstein-Markt.<\/p>\n<p><a href=\"https:\/\/olu-limburg.de\/wp-content\/uploads\/2015\/11\/x_80ed-e1448654915450.jpg\"><img loading=\"lazy\" decoding=\"async\" class=\"size-full wp-image-5067 alignleft\" src=\"https:\/\/olu-limburg.de\/wp-content\/uploads\/2015\/11\/x_80ed-e1448654915450.jpg\" alt=\"x_80ed\" width=\"450\" height=\"601\" \/><\/a><\/p>\n<p><a href=\"https:\/\/olu-limburg.de\/wp-content\/uploads\/2015\/11\/xx_a996-e1448654929589.jpg\"><img loading=\"lazy\" decoding=\"async\" class=\"size-full wp-image-5077 aligncenter\" src=\"https:\/\/olu-limburg.de\/wp-content\/uploads\/2015\/11\/xx_a996-e1448654929589.jpg\" alt=\"xx_a996\" width=\"450\" height=\"600\" \/><\/a><\/p>\n<p>Nach einem Auf und Ab auf den kleinen Stra\u00dfen des Hunsr\u00fccks landen wir in Herrstein. Auf einem abgetrennten Teil des Parkplatzes befinden sich f\u00fcnf kostenlose Pl\u00e4tze f\u00fcr Womos mit V+E.<\/p>\n<p><a href=\"https:\/\/olu-limburg.de\/wp-content\/uploads\/2015\/11\/x_2e8b.jpg\"><img loading=\"lazy\" decoding=\"async\" class=\"size-full wp-image-5061 aligncenter\" src=\"https:\/\/olu-limburg.de\/wp-content\/uploads\/2015\/11\/x_2e8b.jpg\" alt=\"x_2e8b\" width=\"640\" height=\"480\" srcset=\"https:\/\/olu-limburg.de\/wp-content\/uploads\/2015\/11\/x_2e8b.jpg 640w, https:\/\/olu-limburg.de\/wp-content\/uploads\/2015\/11\/x_2e8b-300x225.jpg 300w, https:\/\/olu-limburg.de\/wp-content\/uploads\/2015\/11\/x_2e8b-624x468.jpg 624w\" sizes=\"auto, (max-width: 640px) 100vw, 640px\" \/><\/a><\/p>\n<p>Unter dem Uhrturm hindurch betreten wir das Innere des St\u00e4dtchens und werden von der geballten Ladung von sch\u00f6nen Fachwerkh\u00e4usern \u00fcberrascht.<\/p>\n<p><a href=\"https:\/\/olu-limburg.de\/wp-content\/uploads\/2015\/11\/x_60c6-e1448655010158.jpg\"><img loading=\"lazy\" decoding=\"async\" class=\"size-full wp-image-5066 aligncenter\" src=\"https:\/\/olu-limburg.de\/wp-content\/uploads\/2015\/11\/x_60c6-e1448655010158.jpg\" alt=\"x_60c6\" width=\"450\" height=\"601\" \/><\/a><\/p>\n<p><a href=\"https:\/\/olu-limburg.de\/wp-content\/uploads\/2015\/11\/xx_bddf.jpg\"><img loading=\"lazy\" decoding=\"async\" class=\"size-full wp-image-5078 aligncenter\" src=\"https:\/\/olu-limburg.de\/wp-content\/uploads\/2015\/11\/xx_bddf.jpg\" alt=\"xx_bddf\" width=\"640\" height=\"480\" srcset=\"https:\/\/olu-limburg.de\/wp-content\/uploads\/2015\/11\/xx_bddf.jpg 640w, https:\/\/olu-limburg.de\/wp-content\/uploads\/2015\/11\/xx_bddf-300x225.jpg 300w, https:\/\/olu-limburg.de\/wp-content\/uploads\/2015\/11\/xx_bddf-624x468.jpg 624w\" sizes=\"auto, (max-width: 640px) 100vw, 640px\" \/><\/a><\/p>\n<p><a href=\"https:\/\/olu-limburg.de\/wp-content\/uploads\/2015\/11\/xxx_5946.jpg\"><img loading=\"lazy\" decoding=\"async\" class=\"size-full wp-image-5081 aligncenter\" src=\"https:\/\/olu-limburg.de\/wp-content\/uploads\/2015\/11\/xxx_5946.jpg\" alt=\"xxx_5946\" width=\"640\" height=\"480\" srcset=\"https:\/\/olu-limburg.de\/wp-content\/uploads\/2015\/11\/xxx_5946.jpg 640w, https:\/\/olu-limburg.de\/wp-content\/uploads\/2015\/11\/xxx_5946-300x225.jpg 300w, https:\/\/olu-limburg.de\/wp-content\/uploads\/2015\/11\/xxx_5946-624x468.jpg 624w\" sizes=\"auto, (max-width: 640px) 100vw, 640px\" \/><\/a><\/p>\n<p><a href=\"https:\/\/olu-limburg.de\/wp-content\/uploads\/2015\/11\/xxxx_64e6-e1448655061483.jpg\"><img loading=\"lazy\" decoding=\"async\" class=\"size-full wp-image-5085 alignleft\" src=\"https:\/\/olu-limburg.de\/wp-content\/uploads\/2015\/11\/xxxx_64e6-e1448655061483.jpg\" alt=\"xxxx_64e6\" width=\"450\" height=\"600\" \/><\/a><\/p>\n<p><a href=\"https:\/\/olu-limburg.de\/wp-content\/uploads\/2015\/11\/xxxxx_2e7f-e1448655117156.jpg\"><img loading=\"lazy\" decoding=\"async\" class=\"size-full wp-image-5086 aligncenter\" src=\"https:\/\/olu-limburg.de\/wp-content\/uploads\/2015\/11\/xxxxx_2e7f-e1448655117156.jpg\" alt=\"xxxxx_2e7f\" width=\"450\" height=\"600\" \/><\/a><\/p>\n<p>Zur St\u00e4rkung zieht es uns zur &#8222;Zehntscheune&#8220;. Hier soll es besonders gute &#8222;Gef\u00fcllte&#8220; geben. Wir entscheiden uns beide f\u00fcr das &#8222;Herrsteiner Duett&#8220; (ein Gef\u00fcllter und ein Leberkn\u00f6del). Ich habe nicht ganz aufgegessen!!! Lena hat den Teller zwar leer gegessen, aber nun auch keine &#8222;Lust&#8220; mehr noch weiter zu laufen. Es geht nur noch mal kurz zur &#8222;Kr\u00e4uterhexe&#8220;.<\/p>\n<p><a href=\"https:\/\/olu-limburg.de\/wp-content\/uploads\/2015\/11\/x_abc2-e1448655164210.jpg\"><img loading=\"lazy\" decoding=\"async\" class=\"size-full wp-image-5068 alignleft\" src=\"https:\/\/olu-limburg.de\/wp-content\/uploads\/2015\/11\/x_abc2-e1448655164210.jpg\" alt=\"x_abc2\" width=\"450\" height=\"600\" \/><\/a><\/p>\n<p><a href=\"https:\/\/olu-limburg.de\/wp-content\/uploads\/2015\/11\/xx_7fdd-e1448655191963.jpg\"><img loading=\"lazy\" decoding=\"async\" class=\"size-full wp-image-5075 alignright\" src=\"https:\/\/olu-limburg.de\/wp-content\/uploads\/2015\/11\/xx_7fdd-e1448655191963.jpg\" alt=\"xx_7fdd\" width=\"450\" height=\"600\" \/><\/a><\/p>\n<p><a href=\"https:\/\/olu-limburg.de\/wp-content\/uploads\/2015\/11\/xxx_71c7.jpg\"><img loading=\"lazy\" decoding=\"async\" class=\"size-full wp-image-5080 aligncenter\" src=\"https:\/\/olu-limburg.de\/wp-content\/uploads\/2015\/11\/xxx_71c7.jpg\" alt=\"xxx_71c7\" width=\"640\" height=\"480\" srcset=\"https:\/\/olu-limburg.de\/wp-content\/uploads\/2015\/11\/xxx_71c7.jpg 640w, https:\/\/olu-limburg.de\/wp-content\/uploads\/2015\/11\/xxx_71c7-300x225.jpg 300w, https:\/\/olu-limburg.de\/wp-content\/uploads\/2015\/11\/xxx_71c7-624x468.jpg 624w\" sizes=\"auto, (max-width: 640px) 100vw, 640px\" \/><\/a><\/p>\n<p><a href=\"https:\/\/olu-limburg.de\/wp-content\/uploads\/2015\/11\/xxxx_56a4.jpg\"><img loading=\"lazy\" decoding=\"async\" class=\"size-full wp-image-5084 aligncenter\" src=\"https:\/\/olu-limburg.de\/wp-content\/uploads\/2015\/11\/xxxx_56a4.jpg\" alt=\"xxxx_56a4\" width=\"627\" height=\"470\" srcset=\"https:\/\/olu-limburg.de\/wp-content\/uploads\/2015\/11\/xxxx_56a4.jpg 627w, https:\/\/olu-limburg.de\/wp-content\/uploads\/2015\/11\/xxxx_56a4-300x224.jpg 300w, https:\/\/olu-limburg.de\/wp-content\/uploads\/2015\/11\/xxxx_56a4-624x467.jpg 624w\" sizes=\"auto, (max-width: 627px) 100vw, 627px\" \/><\/a><\/p>\n<p><a href=\"https:\/\/olu-limburg.de\/wp-content\/uploads\/2015\/11\/xxxxx_c5ad-e1448655245826.jpg\"><img loading=\"lazy\" decoding=\"async\" class=\"size-full wp-image-5087 aligncenter\" src=\"https:\/\/olu-limburg.de\/wp-content\/uploads\/2015\/11\/xxxxx_c5ad-e1448655245826.jpg\" alt=\"xxxxx_c5ad\" width=\"450\" height=\"600\" \/><\/a><\/p>\n<p>Fu\u00dfball-Abend !!!<\/p>\n<p><a href=\"https:\/\/olu-limburg.de\/wp-content\/uploads\/2015\/11\/x_ef6e.jpg\"><img loading=\"lazy\" decoding=\"async\" class=\"size-full wp-image-5074 aligncenter\" src=\"https:\/\/olu-limburg.de\/wp-content\/uploads\/2015\/11\/x_ef6e.jpg\" alt=\"x_ef6e\" width=\"640\" height=\"480\" srcset=\"https:\/\/olu-limburg.de\/wp-content\/uploads\/2015\/11\/x_ef6e.jpg 640w, https:\/\/olu-limburg.de\/wp-content\/uploads\/2015\/11\/x_ef6e-300x225.jpg 300w, https:\/\/olu-limburg.de\/wp-content\/uploads\/2015\/11\/x_ef6e-624x468.jpg 624w\" sizes=\"auto, (max-width: 640px) 100vw, 640px\" \/><\/a><\/p>\n<p>Tagesstrecke: 33 km<\/p>\n<p>&nbsp;<\/p>\n<p><strong>Sonntag, 10. Juni 2012<\/strong><\/p>\n<p>Heute lassen wir es ruhig angehen, essen noch auf dem Platz zu Mittag und machen dann auf der Heimfahrt noch einen kurzen Stopp in Bad Kreuznach. Hier laufen wir noch durch einen Teil der Altstadt und zu den Br\u00fcckenh\u00e4usern. Dann geht es heim.<\/p>\n<p><a href=\"https:\/\/olu-limburg.de\/wp-content\/uploads\/2015\/11\/xx_9818-e1448655335635.jpg\"><img loading=\"lazy\" decoding=\"async\" class=\"size-full wp-image-5076 aligncenter\" src=\"https:\/\/olu-limburg.de\/wp-content\/uploads\/2015\/11\/xx_9818-e1448655335635.jpg\" alt=\"xx_9818\" width=\"450\" height=\"600\" \/><\/a><\/p>\n<p><a href=\"https:\/\/olu-limburg.de\/wp-content\/uploads\/2015\/11\/x_af3f.jpg\"><img loading=\"lazy\" decoding=\"async\" class=\"size-full wp-image-5069 aligncenter\" src=\"https:\/\/olu-limburg.de\/wp-content\/uploads\/2015\/11\/x_af3f.jpg\" alt=\"x_af3f\" width=\"640\" height=\"480\" srcset=\"https:\/\/olu-limburg.de\/wp-content\/uploads\/2015\/11\/x_af3f.jpg 640w, https:\/\/olu-limburg.de\/wp-content\/uploads\/2015\/11\/x_af3f-300x225.jpg 300w, https:\/\/olu-limburg.de\/wp-content\/uploads\/2015\/11\/x_af3f-624x468.jpg 624w\" sizes=\"auto, (max-width: 640px) 100vw, 640px\" \/><\/a><\/p>\n<p>Tagesstrecke: 132 km<\/p>\n<p>&nbsp;<\/p>\n<p style=\"text-align: center;\"><a href=\"https:\/\/olu-limburg.de\/?page_id=5051\">Zur\u00fcck zum Seitenanfang<\/a><\/p>\n<p>&nbsp;<\/p>\n","protected":false},"excerpt":{"rendered":"<p>Text:Hans-Werner\u00a0\u00a0\u00a0\u00a0\u00a0\u00a0\u00a0\u00a0\u00a0\u00a0\u00a0\u00a0\u00a0\u00a0\u00a0\u00a0\u00a0\u00a0\u00a0\u00a0\u00a0\u00a0\u00a0\u00a0\u00a0\u00a0\u00a0\u00a0\u00a0\u00a0\u00a0\u00a0\u00a0\u00a0\u00a0\u00a0\u00a0\u00a0\u00a0\u00a0\u00a0\u00a0\u00a0\u00a0\u00a0\u00a0\u00a0\u00a0\u00a0\u00a0\u00a0\u00a0\u00a0\u00a0\u00a0\u00a0\u00a0\u00a0\u00a0\u00a0\u00a0\u00a0\u00a0\u00a0\u00a0\u00a0\u00a0\u00a0\u00a0\u00a0\u00a0\u00a0\u00a0\u00a0\u00a0\u00a0\u00a0\u00a0\u00a0\u00a0\u00a0\u00a0\u00a0\u00a0\u00a0\u00a0\u00a0\u00a0\u00a0\u00a0\u00a0\u00a0\u00a0\u00a0\u00a0\u00a0\u00a0\u00a0\u00a0\u00a0\u00a0\u00a0\u00a0\u00a0\u00a0\u00a0\u00a0\u00a0\u00a0\u00a0\u00a0\u00a0\u00a0\u00a0\u00a0\u00a0\u00a0\u00a0\u00a0\u00a0\u00a0\u00a0\u00a0\u00a0 Fotos: Hans-Werner und Lena &nbsp; \u00dcber das verl\u00e4ngerte Wochenende m\u00f6chten wir ein wenig raus, ohne viele Kilometer zu fahren. Das Wetter verhei\u00dft zwar nichts besonders Gutes, trotzdem gehen wir unser Ziel -die Nahe- an. &nbsp; Mittwoch, 06.Juni 2012 Bereits in Wiesbaden sch\u00fcttet es wie aus &#8222;Eimern&#8220;. \u00dcberall steht das Wasser nur so auf der [&hellip;]<\/p>\n","protected":false},"author":1,"featured_media":0,"parent":0,"menu_order":0,"comment_status":"closed","ping_status":"closed","template":"page-templates\/full-width.php","meta":{"footnotes":""},"class_list":["post-5051","page","type-page","status-publish","hentry"],"_links":{"self":[{"href":"https:\/\/olu-limburg.de\/index.php?rest_route=\/wp\/v2\/pages\/5051","targetHints":{"allow":["GET"]}}],"collection":[{"href":"https:\/\/olu-limburg.de\/index.php?rest_route=\/wp\/v2\/pages"}],"about":[{"href":"https:\/\/olu-limburg.de\/index.php?rest_route=\/wp\/v2\/types\/page"}],"author":[{"embeddable":true,"href":"https:\/\/olu-limburg.de\/index.php?rest_route=\/wp\/v2\/users\/1"}],"replies":[{"embeddable":true,"href":"https:\/\/olu-limburg.de\/index.php?rest_route=%2Fwp%2Fv2%2Fcomments&post=5051"}],"version-history":[{"count":9,"href":"https:\/\/olu-limburg.de\/index.php?rest_route=\/wp\/v2\/pages\/5051\/revisions"}],"predecessor-version":[{"id":14968,"href":"https:\/\/olu-limburg.de\/index.php?rest_route=\/wp\/v2\/pages\/5051\/revisions\/14968"}],"wp:attachment":[{"href":"https:\/\/olu-limburg.de\/index.php?rest_route=%2Fwp%2Fv2%2Fmedia&parent=5051"}],"curies":[{"name":"wp","href":"https:\/\/api.w.org\/{rel}","templated":true}]}}