{"id":4729,"date":"2015-11-22T13:01:28","date_gmt":"2015-11-22T12:01:28","guid":{"rendered":"https:\/\/olu-limburg.de\/?page_id=4729"},"modified":"2015-11-22T22:58:27","modified_gmt":"2015-11-22T21:58:27","slug":"grenzlandschaften-pfalz-elsass-im-juni-2015","status":"publish","type":"page","link":"https:\/\/olu-limburg.de\/?page_id=4729","title":{"rendered":"Grenzlandschaften Pfalz-Elsass im Juni 2015"},"content":{"rendered":"<p>Text: Hans-Werner\u00a0\u00a0\u00a0\u00a0\u00a0\u00a0\u00a0\u00a0\u00a0\u00a0\u00a0\u00a0\u00a0\u00a0\u00a0\u00a0\u00a0\u00a0\u00a0\u00a0\u00a0\u00a0\u00a0\u00a0\u00a0\u00a0\u00a0\u00a0\u00a0\u00a0\u00a0\u00a0\u00a0\u00a0\u00a0\u00a0\u00a0\u00a0\u00a0\u00a0\u00a0\u00a0\u00a0\u00a0\u00a0\u00a0\u00a0\u00a0\u00a0\u00a0\u00a0\u00a0\u00a0\u00a0\u00a0\u00a0\u00a0\u00a0\u00a0\u00a0\u00a0\u00a0\u00a0\u00a0\u00a0\u00a0\u00a0\u00a0\u00a0\u00a0\u00a0\u00a0\u00a0\u00a0\u00a0\u00a0\u00a0\u00a0\u00a0\u00a0\u00a0\u00a0\u00a0\u00a0\u00a0\u00a0\u00a0\u00a0\u00a0\u00a0\u00a0\u00a0\u00a0\u00a0\u00a0\u00a0\u00a0\u00a0 \u00a0 \u00a0 \u00a0\u00a0\u00a0\u00a0\u00a0\u00a0\u00a0\u00a0\u00a0\u00a0\u00a0\u00a0 Fotos: Hans-Werner und Lena<\/p>\n<p>&nbsp;<\/p>\n<p><strong>Donnerstag, 04.06.2015 (Fronleichnam)<\/strong><\/p>\n<p>Bei ruhigem Feiertagsverkehr fahren wir in die Pfalz nach Rhodt unter Rietburg auf den dortigen Stellplatz ohne V+E (Geb\u00fchr EUR 4,00). Strahlendblauer Himmel und Hitze liegt \u00fcber dem Land. Wir befinden uns tats\u00e4chlich in der Toskana Deutschlands.<\/p>\n<p><a href=\"https:\/\/olu-limburg.de\/wp-content\/uploads\/2015\/11\/DSC06621_ergebnis.jpg\"><img loading=\"lazy\" decoding=\"async\" class=\"size-full wp-image-4731 aligncenter\" src=\"https:\/\/olu-limburg.de\/wp-content\/uploads\/2015\/11\/DSC06621_ergebnis.jpg\" alt=\"DSC06621_ergebnis\" width=\"800\" height=\"600\" srcset=\"https:\/\/olu-limburg.de\/wp-content\/uploads\/2015\/11\/DSC06621_ergebnis.jpg 800w, https:\/\/olu-limburg.de\/wp-content\/uploads\/2015\/11\/DSC06621_ergebnis-300x225.jpg 300w, https:\/\/olu-limburg.de\/wp-content\/uploads\/2015\/11\/DSC06621_ergebnis-624x468.jpg 624w\" sizes=\"auto, (max-width: 800px) 100vw, 800px\" \/><\/a><\/p>\n<p><a href=\"https:\/\/olu-limburg.de\/wp-content\/uploads\/2015\/11\/DSC06627_ergebnis.jpg\"><img loading=\"lazy\" decoding=\"async\" class=\"size-full wp-image-4732 aligncenter\" src=\"https:\/\/olu-limburg.de\/wp-content\/uploads\/2015\/11\/DSC06627_ergebnis.jpg\" alt=\"DSC06627_ergebnis\" width=\"800\" height=\"600\" srcset=\"https:\/\/olu-limburg.de\/wp-content\/uploads\/2015\/11\/DSC06627_ergebnis.jpg 800w, https:\/\/olu-limburg.de\/wp-content\/uploads\/2015\/11\/DSC06627_ergebnis-300x225.jpg 300w, https:\/\/olu-limburg.de\/wp-content\/uploads\/2015\/11\/DSC06627_ergebnis-624x468.jpg 624w\" sizes=\"auto, (max-width: 800px) 100vw, 800px\" \/><\/a><\/p>\n<p>Schatten suchend gehen wir in den Ort und gleich hinein in den Innenhof unserer Lieblings-Strau\u00dfwirtschaft. Hier gibt es guten Wein und z\u00fcnftiges Pf\u00e4lzer Essen.<\/p>\n<p><a href=\"https:\/\/olu-limburg.de\/wp-content\/uploads\/2015\/11\/DSC06632_ergebnis.jpg\"><img loading=\"lazy\" decoding=\"async\" class=\"size-full wp-image-4733 aligncenter\" src=\"https:\/\/olu-limburg.de\/wp-content\/uploads\/2015\/11\/DSC06632_ergebnis.jpg\" alt=\"DSC06632_ergebnis\" width=\"800\" height=\"600\" srcset=\"https:\/\/olu-limburg.de\/wp-content\/uploads\/2015\/11\/DSC06632_ergebnis.jpg 800w, https:\/\/olu-limburg.de\/wp-content\/uploads\/2015\/11\/DSC06632_ergebnis-300x225.jpg 300w, https:\/\/olu-limburg.de\/wp-content\/uploads\/2015\/11\/DSC06632_ergebnis-624x468.jpg 624w\" sizes=\"auto, (max-width: 800px) 100vw, 800px\" \/><\/a><\/p>\n<p><a href=\"https:\/\/olu-limburg.de\/wp-content\/uploads\/2015\/11\/DSC06618_ergebnis.jpg\"><img loading=\"lazy\" decoding=\"async\" class=\"size-full wp-image-4730 aligncenter\" src=\"https:\/\/olu-limburg.de\/wp-content\/uploads\/2015\/11\/DSC06618_ergebnis.jpg\" alt=\"DSC06618_ergebnis\" width=\"800\" height=\"600\" srcset=\"https:\/\/olu-limburg.de\/wp-content\/uploads\/2015\/11\/DSC06618_ergebnis.jpg 800w, https:\/\/olu-limburg.de\/wp-content\/uploads\/2015\/11\/DSC06618_ergebnis-300x225.jpg 300w, https:\/\/olu-limburg.de\/wp-content\/uploads\/2015\/11\/DSC06618_ergebnis-624x468.jpg 624w\" sizes=\"auto, (max-width: 800px) 100vw, 800px\" \/><\/a><\/p>\n<p>Nach einer sp\u00e4tmitt\u00e4glichen Ruhephase &#8222;schwingen&#8220; wir uns auf die R\u00e4der und rollen den Weinreben entlang nach Edenkoben. Dort ist &#8222;Owwerg\u00e4sser Winzerkerwe&#8220;. Trotz der Hitze str\u00f6men viele Menschen durch die bewirtschafteten Gassen. Dem Wein, ob pur oder als Schorle, wird rege zugesprochen.<\/p>\n<p><a href=\"https:\/\/olu-limburg.de\/wp-content\/uploads\/2015\/11\/SAM_7094_ergebnis.jpg\"><img loading=\"lazy\" decoding=\"async\" class=\"size-full wp-image-4760 aligncenter\" src=\"https:\/\/olu-limburg.de\/wp-content\/uploads\/2015\/11\/SAM_7094_ergebnis.jpg\" alt=\"SAM_7094_ergebnis\" width=\"800\" height=\"600\" srcset=\"https:\/\/olu-limburg.de\/wp-content\/uploads\/2015\/11\/SAM_7094_ergebnis.jpg 800w, https:\/\/olu-limburg.de\/wp-content\/uploads\/2015\/11\/SAM_7094_ergebnis-300x225.jpg 300w, https:\/\/olu-limburg.de\/wp-content\/uploads\/2015\/11\/SAM_7094_ergebnis-624x468.jpg 624w\" sizes=\"auto, (max-width: 800px) 100vw, 800px\" \/><\/a><\/p>\n<p><a href=\"https:\/\/olu-limburg.de\/wp-content\/uploads\/2015\/11\/SAM_7088_ergebnis.jpg\"><img loading=\"lazy\" decoding=\"async\" class=\"size-full wp-image-4759 aligncenter\" src=\"https:\/\/olu-limburg.de\/wp-content\/uploads\/2015\/11\/SAM_7088_ergebnis.jpg\" alt=\"SAM_7088_ergebnis\" width=\"800\" height=\"600\" srcset=\"https:\/\/olu-limburg.de\/wp-content\/uploads\/2015\/11\/SAM_7088_ergebnis.jpg 800w, https:\/\/olu-limburg.de\/wp-content\/uploads\/2015\/11\/SAM_7088_ergebnis-300x225.jpg 300w, https:\/\/olu-limburg.de\/wp-content\/uploads\/2015\/11\/SAM_7088_ergebnis-624x468.jpg 624w\" sizes=\"auto, (max-width: 800px) 100vw, 800px\" \/><\/a><\/p>\n<p><a href=\"https:\/\/olu-limburg.de\/wp-content\/uploads\/2015\/11\/SAM_7077_ergebnis.jpg\"><img loading=\"lazy\" decoding=\"async\" class=\"size-full wp-image-4754 aligncenter\" src=\"https:\/\/olu-limburg.de\/wp-content\/uploads\/2015\/11\/SAM_7077_ergebnis.jpg\" alt=\"SAM_7077_ergebnis\" width=\"800\" height=\"600\" srcset=\"https:\/\/olu-limburg.de\/wp-content\/uploads\/2015\/11\/SAM_7077_ergebnis.jpg 800w, https:\/\/olu-limburg.de\/wp-content\/uploads\/2015\/11\/SAM_7077_ergebnis-300x225.jpg 300w, https:\/\/olu-limburg.de\/wp-content\/uploads\/2015\/11\/SAM_7077_ergebnis-624x468.jpg 624w\" sizes=\"auto, (max-width: 800px) 100vw, 800px\" \/><\/a><\/p>\n<p><a href=\"https:\/\/olu-limburg.de\/wp-content\/uploads\/2015\/11\/SAM_7087_ergebnis.jpg\"><img loading=\"lazy\" decoding=\"async\" class=\"size-full wp-image-4758 aligncenter\" src=\"https:\/\/olu-limburg.de\/wp-content\/uploads\/2015\/11\/SAM_7087_ergebnis.jpg\" alt=\"SAM_7087_ergebnis\" width=\"800\" height=\"600\" srcset=\"https:\/\/olu-limburg.de\/wp-content\/uploads\/2015\/11\/SAM_7087_ergebnis.jpg 800w, https:\/\/olu-limburg.de\/wp-content\/uploads\/2015\/11\/SAM_7087_ergebnis-300x225.jpg 300w, https:\/\/olu-limburg.de\/wp-content\/uploads\/2015\/11\/SAM_7087_ergebnis-624x468.jpg 624w\" sizes=\"auto, (max-width: 800px) 100vw, 800px\" \/><\/a><\/p>\n<p><a href=\"https:\/\/olu-limburg.de\/wp-content\/uploads\/2015\/11\/SAM_7076_ergebnis-e1448195749703.jpg\"><img loading=\"lazy\" decoding=\"async\" class=\"size-full wp-image-4753 aligncenter\" src=\"https:\/\/olu-limburg.de\/wp-content\/uploads\/2015\/11\/SAM_7076_ergebnis-e1448195749703.jpg\" alt=\"SAM_7076_ergebnis\" width=\"450\" height=\"600\" \/><\/a><\/p>\n<p>Bevor wir uns auch niederlassen, machen wir noch einen kleinen Abstecher in eine Galerie, in der zur Zeit eine Ausstellung mit Gem\u00e4lden von Otto Walkes, Udo Lindenberg, Frank Zander und Armin M\u00fcller-Stahl stattfindet. Im Garten des ehemaligen Klosters finden wir ein schattiges Pl\u00e4tzchen, wo wir eine sch\u00f6ne kalte Wei\u00dfweinschorle genie\u00dfen k\u00f6nnen.<\/p>\n<p><a href=\"https:\/\/olu-limburg.de\/wp-content\/uploads\/2015\/11\/SAM_7082_ergebnis-e1448195811460.jpg\"><img loading=\"lazy\" decoding=\"async\" class=\"size-full wp-image-4756 aligncenter\" src=\"https:\/\/olu-limburg.de\/wp-content\/uploads\/2015\/11\/SAM_7082_ergebnis-e1448195811460.jpg\" alt=\"SAM_7082_ergebnis\" width=\"450\" height=\"600\" \/><\/a><\/p>\n<p><a href=\"https:\/\/olu-limburg.de\/wp-content\/uploads\/2015\/11\/SAM_7084_ergebnis.jpg\"><img loading=\"lazy\" decoding=\"async\" class=\"size-full wp-image-4757 aligncenter\" src=\"https:\/\/olu-limburg.de\/wp-content\/uploads\/2015\/11\/SAM_7084_ergebnis.jpg\" alt=\"SAM_7084_ergebnis\" width=\"800\" height=\"600\" srcset=\"https:\/\/olu-limburg.de\/wp-content\/uploads\/2015\/11\/SAM_7084_ergebnis.jpg 800w, https:\/\/olu-limburg.de\/wp-content\/uploads\/2015\/11\/SAM_7084_ergebnis-300x225.jpg 300w, https:\/\/olu-limburg.de\/wp-content\/uploads\/2015\/11\/SAM_7084_ergebnis-624x468.jpg 624w\" sizes=\"auto, (max-width: 800px) 100vw, 800px\" \/><\/a><\/p>\n<p><a href=\"https:\/\/olu-limburg.de\/wp-content\/uploads\/2015\/11\/SAM_7080_ergebnis.jpg\"><img loading=\"lazy\" decoding=\"async\" class=\"size-full wp-image-4755 aligncenter\" src=\"https:\/\/olu-limburg.de\/wp-content\/uploads\/2015\/11\/SAM_7080_ergebnis.jpg\" alt=\"SAM_7080_ergebnis\" width=\"800\" height=\"600\" srcset=\"https:\/\/olu-limburg.de\/wp-content\/uploads\/2015\/11\/SAM_7080_ergebnis.jpg 800w, https:\/\/olu-limburg.de\/wp-content\/uploads\/2015\/11\/SAM_7080_ergebnis-300x225.jpg 300w, https:\/\/olu-limburg.de\/wp-content\/uploads\/2015\/11\/SAM_7080_ergebnis-624x468.jpg 624w\" sizes=\"auto, (max-width: 800px) 100vw, 800px\" \/><\/a><\/p>\n<p>Bei der Fahrt zur\u00fcck zum Wohnmobil r\u00e4cht es sich, dass wir bei der Hinfahrt die R\u00e4der einfach rollen lassen konnten.<\/p>\n<p>Tagesstrecke: 154 km<\/p>\n<p>&nbsp;<\/p>\n<p><strong>Freitag, 05.06.2015<\/strong><\/p>\n<p>Gut ausgeruht t\u00e4tigen wir in Roth noch schnell unseren Weineinkauf, bevor wir auf der Weinstra\u00dfe bergauf und bergab nach Gleiszellen fahren. Zwischendurch entsorgen wir in Edenkoben am Stellplatz. In Gleiszellen stellen wir uns unten auf die Wiese, die vor vielen Jahren schon mal als Stellplatztipp angepriesen wurde. Heute sind wir ganz allein.<\/p>\n<p>Am Abend steigt dann oberhalb des Ortes &#8222;Kirchberg in Flammen&#8220;. Durch ein Spalier von Fackeln steigt man nach oben, und genie\u00dft bei Wein und einer gro\u00dfen Auswahl an Speisen den herrlichen Ausblick auf die Rheinebene und den Schwarzwald.<\/p>\n<p><a href=\"https:\/\/olu-limburg.de\/wp-content\/uploads\/2015\/11\/SAM_7098_ergebnis.jpg\"><img loading=\"lazy\" decoding=\"async\" class=\"size-full wp-image-4761 aligncenter\" src=\"https:\/\/olu-limburg.de\/wp-content\/uploads\/2015\/11\/SAM_7098_ergebnis.jpg\" alt=\"SAM_7098_ergebnis\" width=\"800\" height=\"600\" srcset=\"https:\/\/olu-limburg.de\/wp-content\/uploads\/2015\/11\/SAM_7098_ergebnis.jpg 800w, https:\/\/olu-limburg.de\/wp-content\/uploads\/2015\/11\/SAM_7098_ergebnis-300x225.jpg 300w, https:\/\/olu-limburg.de\/wp-content\/uploads\/2015\/11\/SAM_7098_ergebnis-624x468.jpg 624w\" sizes=\"auto, (max-width: 800px) 100vw, 800px\" \/><\/a><\/p>\n<p><a href=\"https:\/\/olu-limburg.de\/wp-content\/uploads\/2015\/11\/SAM_7099_ergebnis.jpg\"><img loading=\"lazy\" decoding=\"async\" class=\"size-full wp-image-4762 aligncenter\" src=\"https:\/\/olu-limburg.de\/wp-content\/uploads\/2015\/11\/SAM_7099_ergebnis.jpg\" alt=\"SAM_7099_ergebnis\" width=\"800\" height=\"600\" srcset=\"https:\/\/olu-limburg.de\/wp-content\/uploads\/2015\/11\/SAM_7099_ergebnis.jpg 800w, https:\/\/olu-limburg.de\/wp-content\/uploads\/2015\/11\/SAM_7099_ergebnis-300x225.jpg 300w, https:\/\/olu-limburg.de\/wp-content\/uploads\/2015\/11\/SAM_7099_ergebnis-624x468.jpg 624w\" sizes=\"auto, (max-width: 800px) 100vw, 800px\" \/><\/a><\/p>\n<p>Tagesstrecke: 40 km<\/p>\n<p>&nbsp;<\/p>\n<p><strong>Samstag, 06.06.2015<\/strong><\/p>\n<p>Heute geht es \u00fcber die Grenze nach Wissembourg. Der Weg f\u00fchrt uns zuerst zum Lidl, wo wir unsere Vorr\u00e4te mit franz\u00f6sischen Spezialit\u00e4ten wieder auff\u00fcllen. Danach st\u00e4rken wir uns mit einem Essen im &#8222;Restaurant au Saumon&#8220;.<\/p>\n<p><a href=\"https:\/\/olu-limburg.de\/wp-content\/uploads\/2015\/11\/DSC06635_ergebnis.jpg\"><img loading=\"lazy\" decoding=\"async\" class=\"size-full wp-image-4735 aligncenter\" src=\"https:\/\/olu-limburg.de\/wp-content\/uploads\/2015\/11\/DSC06635_ergebnis.jpg\" alt=\"DSC06635_ergebnis\" width=\"800\" height=\"600\" srcset=\"https:\/\/olu-limburg.de\/wp-content\/uploads\/2015\/11\/DSC06635_ergebnis.jpg 800w, https:\/\/olu-limburg.de\/wp-content\/uploads\/2015\/11\/DSC06635_ergebnis-300x225.jpg 300w, https:\/\/olu-limburg.de\/wp-content\/uploads\/2015\/11\/DSC06635_ergebnis-624x468.jpg 624w\" sizes=\"auto, (max-width: 800px) 100vw, 800px\" \/><\/a><\/p>\n<p><a href=\"https:\/\/olu-limburg.de\/wp-content\/uploads\/2015\/11\/SAM_7101_ergebnis.jpg\"><img loading=\"lazy\" decoding=\"async\" class=\"size-full wp-image-4763 aligncenter\" src=\"https:\/\/olu-limburg.de\/wp-content\/uploads\/2015\/11\/SAM_7101_ergebnis.jpg\" alt=\"SAM_7101_ergebnis\" width=\"800\" height=\"600\" srcset=\"https:\/\/olu-limburg.de\/wp-content\/uploads\/2015\/11\/SAM_7101_ergebnis.jpg 800w, https:\/\/olu-limburg.de\/wp-content\/uploads\/2015\/11\/SAM_7101_ergebnis-300x225.jpg 300w, https:\/\/olu-limburg.de\/wp-content\/uploads\/2015\/11\/SAM_7101_ergebnis-624x468.jpg 624w\" sizes=\"auto, (max-width: 800px) 100vw, 800px\" \/><\/a><\/p>\n<p><a href=\"https:\/\/olu-limburg.de\/wp-content\/uploads\/2015\/11\/DSC06642_ergebnis.jpg\"><img loading=\"lazy\" decoding=\"async\" class=\"size-full wp-image-4736 aligncenter\" src=\"https:\/\/olu-limburg.de\/wp-content\/uploads\/2015\/11\/DSC06642_ergebnis.jpg\" alt=\"DSC06642_ergebnis\" width=\"800\" height=\"600\" srcset=\"https:\/\/olu-limburg.de\/wp-content\/uploads\/2015\/11\/DSC06642_ergebnis.jpg 800w, https:\/\/olu-limburg.de\/wp-content\/uploads\/2015\/11\/DSC06642_ergebnis-300x225.jpg 300w, https:\/\/olu-limburg.de\/wp-content\/uploads\/2015\/11\/DSC06642_ergebnis-624x468.jpg 624w\" sizes=\"auto, (max-width: 800px) 100vw, 800px\" \/><\/a><\/p>\n<p>Nun suchen wir uns einen Supermarkt wo wir Eintrittskarten f\u00fcr das Festival du Chant de Marin in Paimpol (Bretagne) im August kaufen k\u00f6nnen. Dadurch fallen Versandkosten weg, und die Zustellung auf dem Postweg ist immer mit einem Risiko verbunden. Im zweiten Anlauf werden wir bei einem Super U in Seltz f\u00fcndig.<\/p>\n<p>Wo wir jetzt schon wieder am Rhein sind, suchen wir uns einen sch\u00f6nen Stellplatz. Wir sind nicht alleine. Die ausgedehnten Auen laden zu einer Radtour ein. Nur haben wir aufgrund der Hitze am Tage und den nun lauen Abendstunden sehr mit aufdringlichen M\u00fccken zu k\u00e4mpfen.<\/p>\n<p><a href=\"https:\/\/olu-limburg.de\/wp-content\/uploads\/2015\/11\/DSC06653_ergebnis.jpg\"><img loading=\"lazy\" decoding=\"async\" class=\"size-full wp-image-4738 aligncenter\" src=\"https:\/\/olu-limburg.de\/wp-content\/uploads\/2015\/11\/DSC06653_ergebnis.jpg\" alt=\"DSC06653_ergebnis\" width=\"800\" height=\"600\" srcset=\"https:\/\/olu-limburg.de\/wp-content\/uploads\/2015\/11\/DSC06653_ergebnis.jpg 800w, https:\/\/olu-limburg.de\/wp-content\/uploads\/2015\/11\/DSC06653_ergebnis-300x225.jpg 300w, https:\/\/olu-limburg.de\/wp-content\/uploads\/2015\/11\/DSC06653_ergebnis-624x468.jpg 624w\" sizes=\"auto, (max-width: 800px) 100vw, 800px\" \/><\/a><\/p>\n<p><a href=\"https:\/\/olu-limburg.de\/wp-content\/uploads\/2015\/11\/DSC06662_ergebnis-e1448193507328.jpg\"><img loading=\"lazy\" decoding=\"async\" class=\"size-full wp-image-4740 aligncenter\" src=\"https:\/\/olu-limburg.de\/wp-content\/uploads\/2015\/11\/DSC06662_ergebnis-e1448193507328.jpg\" alt=\"DSC06662_ergebnis\" width=\"450\" height=\"600\" \/><\/a><\/p>\n<p><a href=\"https:\/\/olu-limburg.de\/wp-content\/uploads\/2015\/11\/DSC06655_ergebnis.jpg\"><img loading=\"lazy\" decoding=\"async\" class=\"size-full wp-image-4739 aligncenter\" src=\"https:\/\/olu-limburg.de\/wp-content\/uploads\/2015\/11\/DSC06655_ergebnis.jpg\" alt=\"DSC06655_ergebnis\" width=\"800\" height=\"600\" srcset=\"https:\/\/olu-limburg.de\/wp-content\/uploads\/2015\/11\/DSC06655_ergebnis.jpg 800w, https:\/\/olu-limburg.de\/wp-content\/uploads\/2015\/11\/DSC06655_ergebnis-300x225.jpg 300w, https:\/\/olu-limburg.de\/wp-content\/uploads\/2015\/11\/DSC06655_ergebnis-624x468.jpg 624w\" sizes=\"auto, (max-width: 800px) 100vw, 800px\" \/><\/a><\/p>\n<p><a href=\"https:\/\/olu-limburg.de\/wp-content\/uploads\/2015\/11\/DSC06651_ergebnis.jpg\"><img loading=\"lazy\" decoding=\"async\" class=\"size-full wp-image-4737 aligncenter\" src=\"https:\/\/olu-limburg.de\/wp-content\/uploads\/2015\/11\/DSC06651_ergebnis.jpg\" alt=\"DSC06651_ergebnis\" width=\"800\" height=\"600\" srcset=\"https:\/\/olu-limburg.de\/wp-content\/uploads\/2015\/11\/DSC06651_ergebnis.jpg 800w, https:\/\/olu-limburg.de\/wp-content\/uploads\/2015\/11\/DSC06651_ergebnis-300x225.jpg 300w, https:\/\/olu-limburg.de\/wp-content\/uploads\/2015\/11\/DSC06651_ergebnis-624x468.jpg 624w\" sizes=\"auto, (max-width: 800px) 100vw, 800px\" \/><\/a><\/p>\n<p>Tagesstrecke: 57 km<\/p>\n<p>&nbsp;<\/p>\n<p><strong>Sonntag, 07.06.2015<\/strong><\/p>\n<p>Es ist die Heimfahrt angesagt. Da wir aber noch Zeit haben, bummeln wir etwas \u00fcbers Land und lesen, dass bei Scheibenhard und Scheibenhardt heute\u00a0 Br\u00fcckenfest gefeiert wird. Da wir aber noch etwas Zeit haben, nehmen wir die R\u00e4der zur Hand und schauen uns in der Umgebung die &#8222;offenen G\u00e4rten&#8220; an.<\/p>\n<p>Die Br\u00fccke ist die Grenze zwischen dem deutschen Scheibenhardt und dem franz\u00f6sischen Scheibenhard. Es wird auf beiden Seiten eintr\u00e4chtig gefeiert, &#8230;<\/p>\n<p><a href=\"https:\/\/olu-limburg.de\/wp-content\/uploads\/2015\/11\/DSC06670_ergebnis.jpg\"><img loading=\"lazy\" decoding=\"async\" class=\"size-full wp-image-4745 aligncenter\" src=\"https:\/\/olu-limburg.de\/wp-content\/uploads\/2015\/11\/DSC06670_ergebnis.jpg\" alt=\"DSC06670_ergebnis\" width=\"800\" height=\"600\" srcset=\"https:\/\/olu-limburg.de\/wp-content\/uploads\/2015\/11\/DSC06670_ergebnis.jpg 800w, https:\/\/olu-limburg.de\/wp-content\/uploads\/2015\/11\/DSC06670_ergebnis-300x225.jpg 300w, https:\/\/olu-limburg.de\/wp-content\/uploads\/2015\/11\/DSC06670_ergebnis-624x468.jpg 624w\" sizes=\"auto, (max-width: 800px) 100vw, 800px\" \/><\/a><\/p>\n<p><a href=\"https:\/\/olu-limburg.de\/wp-content\/uploads\/2015\/11\/DSC06663_ergebnis.jpg\"><img loading=\"lazy\" decoding=\"async\" class=\"size-full wp-image-4741 aligncenter\" src=\"https:\/\/olu-limburg.de\/wp-content\/uploads\/2015\/11\/DSC06663_ergebnis.jpg\" alt=\"DSC06663_ergebnis\" width=\"800\" height=\"600\" srcset=\"https:\/\/olu-limburg.de\/wp-content\/uploads\/2015\/11\/DSC06663_ergebnis.jpg 800w, https:\/\/olu-limburg.de\/wp-content\/uploads\/2015\/11\/DSC06663_ergebnis-300x225.jpg 300w, https:\/\/olu-limburg.de\/wp-content\/uploads\/2015\/11\/DSC06663_ergebnis-624x468.jpg 624w\" sizes=\"auto, (max-width: 800px) 100vw, 800px\" \/><\/a><\/p>\n<p><a href=\"https:\/\/olu-limburg.de\/wp-content\/uploads\/2015\/11\/DSC06666_ergebnis.jpg\"><img loading=\"lazy\" decoding=\"async\" class=\"size-full wp-image-4743 aligncenter\" src=\"https:\/\/olu-limburg.de\/wp-content\/uploads\/2015\/11\/DSC06666_ergebnis.jpg\" alt=\"DSC06666_ergebnis\" width=\"800\" height=\"600\" srcset=\"https:\/\/olu-limburg.de\/wp-content\/uploads\/2015\/11\/DSC06666_ergebnis.jpg 800w, https:\/\/olu-limburg.de\/wp-content\/uploads\/2015\/11\/DSC06666_ergebnis-300x225.jpg 300w, https:\/\/olu-limburg.de\/wp-content\/uploads\/2015\/11\/DSC06666_ergebnis-624x468.jpg 624w\" sizes=\"auto, (max-width: 800px) 100vw, 800px\" \/><\/a><\/p>\n<p><a href=\"https:\/\/olu-limburg.de\/wp-content\/uploads\/2015\/11\/DSC06665_ergebnis.jpg\"><img loading=\"lazy\" decoding=\"async\" class=\"size-full wp-image-4742 aligncenter\" src=\"https:\/\/olu-limburg.de\/wp-content\/uploads\/2015\/11\/DSC06665_ergebnis.jpg\" alt=\"DSC06665_ergebnis\" width=\"800\" height=\"600\" srcset=\"https:\/\/olu-limburg.de\/wp-content\/uploads\/2015\/11\/DSC06665_ergebnis.jpg 800w, https:\/\/olu-limburg.de\/wp-content\/uploads\/2015\/11\/DSC06665_ergebnis-300x225.jpg 300w, https:\/\/olu-limburg.de\/wp-content\/uploads\/2015\/11\/DSC06665_ergebnis-624x468.jpg 624w\" sizes=\"auto, (max-width: 800px) 100vw, 800px\" \/><\/a><\/p>\n<p>&#8230; und auf dem Grill liegt Fleisch bis zum Abwinken.<\/p>\n<p><a href=\"https:\/\/olu-limburg.de\/wp-content\/uploads\/2015\/11\/DSC06667_ergebnis.jpg\"><img loading=\"lazy\" decoding=\"async\" class=\"size-full wp-image-4744 aligncenter\" src=\"https:\/\/olu-limburg.de\/wp-content\/uploads\/2015\/11\/DSC06667_ergebnis.jpg\" alt=\"DSC06667_ergebnis\" width=\"800\" height=\"600\" srcset=\"https:\/\/olu-limburg.de\/wp-content\/uploads\/2015\/11\/DSC06667_ergebnis.jpg 800w, https:\/\/olu-limburg.de\/wp-content\/uploads\/2015\/11\/DSC06667_ergebnis-300x225.jpg 300w, https:\/\/olu-limburg.de\/wp-content\/uploads\/2015\/11\/DSC06667_ergebnis-624x468.jpg 624w\" sizes=\"auto, (max-width: 800px) 100vw, 800px\" \/><\/a><\/p>\n<p>Nat\u00fcrlich gibt es auch noch viele andere Spezialit\u00e4ten zu essen.<\/p>\n<p>Die R\u00fcckfahrt nach Limburg beschert uns ein Stauerlebnis beonderer Art. Die Pf\u00e4lzer Autobahn ist dicht &#8211; nur stop and go. Wir wechseln auf die A5. Dort erleben wir das gleiche Spielchen. Es wird eine lange und nervenaufreibende Heimfahrt.<\/p>\n<p>Tagesstrecke: 248 km<\/p>\n<p>Gesamtstrecke: 500 km<\/p>\n<p>&nbsp;<\/p>\n<p><a href=\"https:\/\/olu-limburg.de\/?page_id=4729\">Zur\u00fcck zum Seitenanfang<\/a><\/p>\n<p>&nbsp;<\/p>\n<p>&nbsp;<\/p>\n","protected":false},"excerpt":{"rendered":"<p>Text: Hans-Werner\u00a0\u00a0\u00a0\u00a0\u00a0\u00a0\u00a0\u00a0\u00a0\u00a0\u00a0\u00a0\u00a0\u00a0\u00a0\u00a0\u00a0\u00a0\u00a0\u00a0\u00a0\u00a0\u00a0\u00a0\u00a0\u00a0\u00a0\u00a0\u00a0\u00a0\u00a0\u00a0\u00a0\u00a0\u00a0\u00a0\u00a0\u00a0\u00a0\u00a0\u00a0\u00a0\u00a0\u00a0\u00a0\u00a0\u00a0\u00a0\u00a0\u00a0\u00a0\u00a0\u00a0\u00a0\u00a0\u00a0\u00a0\u00a0\u00a0\u00a0\u00a0\u00a0\u00a0\u00a0\u00a0\u00a0\u00a0\u00a0\u00a0\u00a0\u00a0\u00a0\u00a0\u00a0\u00a0\u00a0\u00a0\u00a0\u00a0\u00a0\u00a0\u00a0\u00a0\u00a0\u00a0\u00a0\u00a0\u00a0\u00a0\u00a0\u00a0\u00a0\u00a0\u00a0\u00a0\u00a0\u00a0\u00a0 \u00a0 \u00a0 \u00a0\u00a0\u00a0\u00a0\u00a0\u00a0\u00a0\u00a0\u00a0\u00a0\u00a0\u00a0 Fotos: Hans-Werner und Lena &nbsp; Donnerstag, 04.06.2015 (Fronleichnam) Bei ruhigem Feiertagsverkehr fahren wir in die Pfalz nach Rhodt unter Rietburg auf den dortigen Stellplatz ohne V+E (Geb\u00fchr EUR 4,00). Strahlendblauer Himmel und Hitze liegt \u00fcber dem Land. Wir befinden uns tats\u00e4chlich in der Toskana Deutschlands. Schatten suchend gehen wir in [&hellip;]<\/p>\n","protected":false},"author":1,"featured_media":0,"parent":0,"menu_order":0,"comment_status":"closed","ping_status":"closed","template":"page-templates\/full-width.php","meta":{"footnotes":""},"class_list":["post-4729","page","type-page","status-publish","hentry"],"_links":{"self":[{"href":"https:\/\/olu-limburg.de\/index.php?rest_route=\/wp\/v2\/pages\/4729","targetHints":{"allow":["GET"]}}],"collection":[{"href":"https:\/\/olu-limburg.de\/index.php?rest_route=\/wp\/v2\/pages"}],"about":[{"href":"https:\/\/olu-limburg.de\/index.php?rest_route=\/wp\/v2\/types\/page"}],"author":[{"embeddable":true,"href":"https:\/\/olu-limburg.de\/index.php?rest_route=\/wp\/v2\/users\/1"}],"replies":[{"embeddable":true,"href":"https:\/\/olu-limburg.de\/index.php?rest_route=%2Fwp%2Fv2%2Fcomments&post=4729"}],"version-history":[{"count":11,"href":"https:\/\/olu-limburg.de\/index.php?rest_route=\/wp\/v2\/pages\/4729\/revisions"}],"predecessor-version":[{"id":4774,"href":"https:\/\/olu-limburg.de\/index.php?rest_route=\/wp\/v2\/pages\/4729\/revisions\/4774"}],"wp:attachment":[{"href":"https:\/\/olu-limburg.de\/index.php?rest_route=%2Fwp%2Fv2%2Fmedia&parent=4729"}],"curies":[{"name":"wp","href":"https:\/\/api.w.org\/{rel}","templated":true}]}}