{"id":3791,"date":"2015-11-09T18:13:43","date_gmt":"2015-11-09T17:13:43","guid":{"rendered":"https:\/\/olu-limburg.de\/?page_id=3791"},"modified":"2015-12-04T23:22:10","modified_gmt":"2015-12-04T22:22:10","slug":"alemannische-fasnet-mit-guggemusik-und-hallia-venezia-februar-2014","status":"publish","type":"page","link":"https:\/\/olu-limburg.de\/?page_id=3791","title":{"rendered":"Alemannische Fasnet mit Guggemusik und Hallia Venezia Februar 2014"},"content":{"rendered":"<p>Text und Fotos: Hans-Werner<\/p>\n<p>Auf unserem Kurztrip ins Alemannische vom 20. bis 23.02.2014 war das 31. Internationale Guggemusiktreffen am 22. und 23.02. 2014 in Schw\u00e4bisch Gm\u00fcnd unser Ziel. Seit unseren Fahrten zum Weinlesefest nach Barr (Elsass) sind wir Fans dieser Schr\u00e4gtonmusik.<\/p>\n<p>Da wir bereits am Donnerstagnachmittag in Schw\u00e4bisch Gm\u00fcnd anreisen, k\u00f6nnen wir bereits vorab die Stadt ausgiebig erkunden. Der Stellplatz liegt au\u00dferhalb der Umweltzone und liegt f\u00fcr unsere Zwecke g\u00fcnstig in fu\u00dfl\u00e4ufiger Entfernung zur Innenstadt. Am Freitagnachmittag trifft auch Ina mit ihrem neuen Wohnmobil ein.<\/p>\n<p>Das Guggemusiktreffen beginnt am Samstagmorgen mit einem Umzug und dem Aufstellen des Narrenbaumes auf dem Marktplatz. Anschlie\u00dfend spielen 21 (!) Guggemusikgruppen nonstop auf der B\u00fchne des Johannisplatzes. Die Moderation meistert der B\u00fcrgermeister mit Bravour. Weitere Auftritte gab es noch in Caf\u00e9s und Restaurants. Bis in die sp\u00e4ten Abendstunden h\u00f6rt man aus allen Ecken der Innenstadt die Bl\u00e4ser und die Wirbel der Schlagzeuger.<\/p>\n<p><a href=\"https:\/\/olu-limburg.de\/wp-content\/uploads\/2015\/11\/SAM_0611_ergebnis-e1447089649534.jpg\"><img loading=\"lazy\" decoding=\"async\" class=\"size-full wp-image-3797 alignleft\" src=\"https:\/\/olu-limburg.de\/wp-content\/uploads\/2015\/11\/SAM_0611_ergebnis-e1447089649534.jpg\" alt=\"SAM_0611_ergebnis\" width=\"450\" height=\"600\" \/><\/a><\/p>\n<p><a href=\"https:\/\/olu-limburg.de\/wp-content\/uploads\/2015\/11\/SAM_0614_ergebnis-e1447089851820.jpg\"><img loading=\"lazy\" decoding=\"async\" class=\"size-full wp-image-3798 alignright\" src=\"https:\/\/olu-limburg.de\/wp-content\/uploads\/2015\/11\/SAM_0614_ergebnis-e1447089851820.jpg\" alt=\"SAM_0614_ergebnis\" width=\"450\" height=\"600\" \/><\/a><\/p>\n<p><a href=\"https:\/\/olu-limburg.de\/wp-content\/uploads\/2015\/11\/SAM_0624_ergebnis.jpg\"><img loading=\"lazy\" decoding=\"async\" class=\"size-full wp-image-3799 aligncenter\" src=\"https:\/\/olu-limburg.de\/wp-content\/uploads\/2015\/11\/SAM_0624_ergebnis.jpg\" alt=\"SAM_0624_ergebnis\" width=\"800\" height=\"600\" srcset=\"https:\/\/olu-limburg.de\/wp-content\/uploads\/2015\/11\/SAM_0624_ergebnis.jpg 800w, https:\/\/olu-limburg.de\/wp-content\/uploads\/2015\/11\/SAM_0624_ergebnis-300x225.jpg 300w, https:\/\/olu-limburg.de\/wp-content\/uploads\/2015\/11\/SAM_0624_ergebnis-624x468.jpg 624w\" sizes=\"auto, (max-width: 800px) 100vw, 800px\" \/><\/a><\/p>\n<p><a href=\"https:\/\/olu-limburg.de\/wp-content\/uploads\/2015\/11\/SAM_0629_ergebnis.jpg\"><img loading=\"lazy\" decoding=\"async\" class=\"size-full wp-image-3800 aligncenter\" src=\"https:\/\/olu-limburg.de\/wp-content\/uploads\/2015\/11\/SAM_0629_ergebnis.jpg\" alt=\"SAM_0629_ergebnis\" width=\"800\" height=\"600\" srcset=\"https:\/\/olu-limburg.de\/wp-content\/uploads\/2015\/11\/SAM_0629_ergebnis.jpg 800w, https:\/\/olu-limburg.de\/wp-content\/uploads\/2015\/11\/SAM_0629_ergebnis-300x225.jpg 300w, https:\/\/olu-limburg.de\/wp-content\/uploads\/2015\/11\/SAM_0629_ergebnis-624x468.jpg 624w\" sizes=\"auto, (max-width: 800px) 100vw, 800px\" \/><\/a><\/p>\n<p><a href=\"https:\/\/olu-limburg.de\/wp-content\/uploads\/2015\/11\/SAM_0637_ergebnis.jpg\"><img loading=\"lazy\" decoding=\"async\" class=\"size-full wp-image-3801 aligncenter\" src=\"https:\/\/olu-limburg.de\/wp-content\/uploads\/2015\/11\/SAM_0637_ergebnis.jpg\" alt=\"SAM_0637_ergebnis\" width=\"800\" height=\"600\" srcset=\"https:\/\/olu-limburg.de\/wp-content\/uploads\/2015\/11\/SAM_0637_ergebnis.jpg 800w, https:\/\/olu-limburg.de\/wp-content\/uploads\/2015\/11\/SAM_0637_ergebnis-300x225.jpg 300w, https:\/\/olu-limburg.de\/wp-content\/uploads\/2015\/11\/SAM_0637_ergebnis-624x468.jpg 624w\" sizes=\"auto, (max-width: 800px) 100vw, 800px\" \/><\/a><\/p>\n<p><a href=\"https:\/\/olu-limburg.de\/wp-content\/uploads\/2015\/11\/SAM_0657_ergebnis.jpg\"><img loading=\"lazy\" decoding=\"async\" class=\"size-full wp-image-3803 aligncenter\" src=\"https:\/\/olu-limburg.de\/wp-content\/uploads\/2015\/11\/SAM_0657_ergebnis.jpg\" alt=\"SAM_0657_ergebnis\" width=\"800\" height=\"600\" srcset=\"https:\/\/olu-limburg.de\/wp-content\/uploads\/2015\/11\/SAM_0657_ergebnis.jpg 800w, https:\/\/olu-limburg.de\/wp-content\/uploads\/2015\/11\/SAM_0657_ergebnis-300x225.jpg 300w, https:\/\/olu-limburg.de\/wp-content\/uploads\/2015\/11\/SAM_0657_ergebnis-624x468.jpg 624w\" sizes=\"auto, (max-width: 800px) 100vw, 800px\" \/><\/a><\/p>\n<p><a href=\"https:\/\/olu-limburg.de\/wp-content\/uploads\/2015\/11\/SAM_0638_ergebnis.jpg\"><img loading=\"lazy\" decoding=\"async\" class=\"size-full wp-image-3802 aligncenter\" src=\"https:\/\/olu-limburg.de\/wp-content\/uploads\/2015\/11\/SAM_0638_ergebnis.jpg\" alt=\"SAM_0638_ergebnis\" width=\"800\" height=\"600\" srcset=\"https:\/\/olu-limburg.de\/wp-content\/uploads\/2015\/11\/SAM_0638_ergebnis.jpg 800w, https:\/\/olu-limburg.de\/wp-content\/uploads\/2015\/11\/SAM_0638_ergebnis-300x225.jpg 300w, https:\/\/olu-limburg.de\/wp-content\/uploads\/2015\/11\/SAM_0638_ergebnis-624x468.jpg 624w\" sizes=\"auto, (max-width: 800px) 100vw, 800px\" \/><\/a><\/p>\n<p><a href=\"https:\/\/olu-limburg.de\/wp-content\/uploads\/2015\/11\/SAM_0662_ergebnis.jpg\"><img loading=\"lazy\" decoding=\"async\" class=\"wp-image-3804 alignleft\" src=\"https:\/\/olu-limburg.de\/wp-content\/uploads\/2015\/11\/SAM_0662_ergebnis.jpg\" alt=\"SAM_0662_ergebnis\" width=\"450\" height=\"600\" srcset=\"https:\/\/olu-limburg.de\/wp-content\/uploads\/2015\/11\/SAM_0662_ergebnis.jpg 600w, https:\/\/olu-limburg.de\/wp-content\/uploads\/2015\/11\/SAM_0662_ergebnis-225x300.jpg 225w\" sizes=\"auto, (max-width: 450px) 100vw, 450px\" \/><\/a><\/p>\n<p><a href=\"https:\/\/olu-limburg.de\/wp-content\/uploads\/2015\/11\/SAM_0668_ergebnis-e1447089978545.jpg\"><img loading=\"lazy\" decoding=\"async\" class=\"size-full wp-image-3805 alignright\" src=\"https:\/\/olu-limburg.de\/wp-content\/uploads\/2015\/11\/SAM_0668_ergebnis-e1447089978545.jpg\" alt=\"SAM_0668_ergebnis\" width=\"450\" height=\"600\" \/><\/a><\/p>\n<p><a href=\"https:\/\/olu-limburg.de\/wp-content\/uploads\/2015\/11\/SAM_0680_ergebnis.jpg\"><img loading=\"lazy\" decoding=\"async\" class=\"size-full wp-image-3806 aligncenter\" src=\"https:\/\/olu-limburg.de\/wp-content\/uploads\/2015\/11\/SAM_0680_ergebnis.jpg\" alt=\"SAM_0680_ergebnis\" width=\"800\" height=\"600\" srcset=\"https:\/\/olu-limburg.de\/wp-content\/uploads\/2015\/11\/SAM_0680_ergebnis.jpg 800w, https:\/\/olu-limburg.de\/wp-content\/uploads\/2015\/11\/SAM_0680_ergebnis-300x225.jpg 300w, https:\/\/olu-limburg.de\/wp-content\/uploads\/2015\/11\/SAM_0680_ergebnis-624x468.jpg 624w\" sizes=\"auto, (max-width: 800px) 100vw, 800px\" \/><\/a><\/p>\n<p><a href=\"https:\/\/olu-limburg.de\/wp-content\/uploads\/2015\/11\/SAM_0739_ergebnis-e1447090007221.jpg\"><img loading=\"lazy\" decoding=\"async\" class=\"size-full wp-image-3809 aligncenter\" src=\"https:\/\/olu-limburg.de\/wp-content\/uploads\/2015\/11\/SAM_0739_ergebnis-e1447090007221.jpg\" alt=\"SAM_0739_ergebnis\" width=\"450\" height=\"600\" \/><\/a><\/p>\n<p><a href=\"https:\/\/olu-limburg.de\/wp-content\/uploads\/2015\/11\/SAM_0714_ergebnis.jpg\"><img loading=\"lazy\" decoding=\"async\" class=\"size-full wp-image-3807 aligncenter\" src=\"https:\/\/olu-limburg.de\/wp-content\/uploads\/2015\/11\/SAM_0714_ergebnis.jpg\" alt=\"SAM_0714_ergebnis\" width=\"800\" height=\"600\" srcset=\"https:\/\/olu-limburg.de\/wp-content\/uploads\/2015\/11\/SAM_0714_ergebnis.jpg 800w, https:\/\/olu-limburg.de\/wp-content\/uploads\/2015\/11\/SAM_0714_ergebnis-300x225.jpg 300w, https:\/\/olu-limburg.de\/wp-content\/uploads\/2015\/11\/SAM_0714_ergebnis-624x468.jpg 624w\" sizes=\"auto, (max-width: 800px) 100vw, 800px\" \/><\/a><\/p>\n<p><a href=\"https:\/\/olu-limburg.de\/wp-content\/uploads\/2015\/11\/SAM_0731_ergebnis.jpg\"><img loading=\"lazy\" decoding=\"async\" class=\"size-full wp-image-3808 aligncenter\" src=\"https:\/\/olu-limburg.de\/wp-content\/uploads\/2015\/11\/SAM_0731_ergebnis.jpg\" alt=\"SAM_0731_ergebnis\" width=\"800\" height=\"600\" srcset=\"https:\/\/olu-limburg.de\/wp-content\/uploads\/2015\/11\/SAM_0731_ergebnis.jpg 800w, https:\/\/olu-limburg.de\/wp-content\/uploads\/2015\/11\/SAM_0731_ergebnis-300x225.jpg 300w, https:\/\/olu-limburg.de\/wp-content\/uploads\/2015\/11\/SAM_0731_ergebnis-624x468.jpg 624w\" sizes=\"auto, (max-width: 800px) 100vw, 800px\" \/><\/a><\/p>\n<p><a href=\"https:\/\/olu-limburg.de\/wp-content\/uploads\/2015\/11\/SAM_0742_ergebnis.jpg\"><img loading=\"lazy\" decoding=\"async\" class=\"size-full wp-image-3810 aligncenter\" src=\"https:\/\/olu-limburg.de\/wp-content\/uploads\/2015\/11\/SAM_0742_ergebnis.jpg\" alt=\"SAM_0742_ergebnis\" width=\"800\" height=\"600\" srcset=\"https:\/\/olu-limburg.de\/wp-content\/uploads\/2015\/11\/SAM_0742_ergebnis.jpg 800w, https:\/\/olu-limburg.de\/wp-content\/uploads\/2015\/11\/SAM_0742_ergebnis-300x225.jpg 300w, https:\/\/olu-limburg.de\/wp-content\/uploads\/2015\/11\/SAM_0742_ergebnis-624x468.jpg 624w\" sizes=\"auto, (max-width: 800px) 100vw, 800px\" \/><\/a><\/p>\n<p>Den Musikfr\u00fchschoppen in der Halle schenken wir uns. Wir fahren am sp\u00e4ten Sonntagvormittag nach Schw\u00e4bisch Hall auf den Gro\u00dfparkplatz an der Kocher, der auch einen kleinen Stellplatzbereich hat. Auf der Suche nach einem Restaurant in der Altstadt begegnen uns Frauen mit venezianischen Masken und Kleidern. Jetzt f\u00e4llt uns ein, dass am Ortseingang ein gro\u00dfes Plakat mit &#8222;Hallia Venezia&#8220; hing.<\/p>\n<p>Auf den Wiesen an der Kocher treffen wir auf noch viel mehr Masken. Die Fotografen wirbeln wie Hummeln durch das ganze Treiben. Gegen 14.00 Uhr ziehen sich pl\u00f6tzlich die Masken in die h\u00f6heren Altstadtbereiche zur\u00fcck.<\/p>\n<p>Vor der Kirche St. Michael hat sich bereits eine riesige Menge von Zuschauern eingefunden und Punkt 14.00 Uhr setzt Musik ein und die Masken treten langsam einzeln oder in kleinen Gruppen durch das Portal und steigen die gro\u00dfe Treppe herab.<\/p>\n<p><a href=\"https:\/\/olu-limburg.de\/wp-content\/uploads\/2015\/11\/SAM_0748_ergebnis-e1447090116412.jpg\"><img loading=\"lazy\" decoding=\"async\" class=\"size-full wp-image-3811 aligncenter\" src=\"https:\/\/olu-limburg.de\/wp-content\/uploads\/2015\/11\/SAM_0748_ergebnis-e1447090116412.jpg\" alt=\"SAM_0748_ergebnis\" width=\"450\" height=\"600\" \/><\/a><\/p>\n<p><a href=\"https:\/\/olu-limburg.de\/wp-content\/uploads\/2015\/11\/SAM_0755_ergebnis.jpg\"><img loading=\"lazy\" decoding=\"async\" class=\"size-full wp-image-3814 aligncenter\" src=\"https:\/\/olu-limburg.de\/wp-content\/uploads\/2015\/11\/SAM_0755_ergebnis.jpg\" alt=\"SAM_0755_ergebnis\" width=\"800\" height=\"600\" srcset=\"https:\/\/olu-limburg.de\/wp-content\/uploads\/2015\/11\/SAM_0755_ergebnis.jpg 800w, https:\/\/olu-limburg.de\/wp-content\/uploads\/2015\/11\/SAM_0755_ergebnis-300x225.jpg 300w, https:\/\/olu-limburg.de\/wp-content\/uploads\/2015\/11\/SAM_0755_ergebnis-624x468.jpg 624w\" sizes=\"auto, (max-width: 800px) 100vw, 800px\" \/><\/a><\/p>\n<p><a href=\"https:\/\/olu-limburg.de\/wp-content\/uploads\/2015\/11\/SAM_0754_ergebnis.jpg\"><img loading=\"lazy\" decoding=\"async\" class=\"size-full wp-image-3813 aligncenter\" src=\"https:\/\/olu-limburg.de\/wp-content\/uploads\/2015\/11\/SAM_0754_ergebnis.jpg\" alt=\"SAM_0754_ergebnis\" width=\"800\" height=\"600\" srcset=\"https:\/\/olu-limburg.de\/wp-content\/uploads\/2015\/11\/SAM_0754_ergebnis.jpg 800w, https:\/\/olu-limburg.de\/wp-content\/uploads\/2015\/11\/SAM_0754_ergebnis-300x225.jpg 300w, https:\/\/olu-limburg.de\/wp-content\/uploads\/2015\/11\/SAM_0754_ergebnis-624x468.jpg 624w\" sizes=\"auto, (max-width: 800px) 100vw, 800px\" \/><\/a><\/p>\n<p><a href=\"https:\/\/olu-limburg.de\/wp-content\/uploads\/2015\/11\/SAM_0759_ergebnis.jpg\"><img loading=\"lazy\" decoding=\"async\" class=\"size-full wp-image-3815 aligncenter\" src=\"https:\/\/olu-limburg.de\/wp-content\/uploads\/2015\/11\/SAM_0759_ergebnis.jpg\" alt=\"SAM_0759_ergebnis\" width=\"800\" height=\"600\" srcset=\"https:\/\/olu-limburg.de\/wp-content\/uploads\/2015\/11\/SAM_0759_ergebnis.jpg 800w, https:\/\/olu-limburg.de\/wp-content\/uploads\/2015\/11\/SAM_0759_ergebnis-300x225.jpg 300w, https:\/\/olu-limburg.de\/wp-content\/uploads\/2015\/11\/SAM_0759_ergebnis-624x468.jpg 624w\" sizes=\"auto, (max-width: 800px) 100vw, 800px\" \/><\/a><\/p>\n<p><a href=\"https:\/\/olu-limburg.de\/wp-content\/uploads\/2015\/11\/SAM_0752_ergebnis.jpg\"><img loading=\"lazy\" decoding=\"async\" class=\"size-full wp-image-3812 aligncenter\" src=\"https:\/\/olu-limburg.de\/wp-content\/uploads\/2015\/11\/SAM_0752_ergebnis.jpg\" alt=\"SAM_0752_ergebnis\" width=\"800\" height=\"600\" srcset=\"https:\/\/olu-limburg.de\/wp-content\/uploads\/2015\/11\/SAM_0752_ergebnis.jpg 800w, https:\/\/olu-limburg.de\/wp-content\/uploads\/2015\/11\/SAM_0752_ergebnis-300x225.jpg 300w, https:\/\/olu-limburg.de\/wp-content\/uploads\/2015\/11\/SAM_0752_ergebnis-624x468.jpg 624w\" sizes=\"auto, (max-width: 800px) 100vw, 800px\" \/><\/a><\/p>\n<p><a href=\"https:\/\/olu-limburg.de\/wp-content\/uploads\/2015\/11\/SAM_0763_ergebnis-e1447090239765.jpg\"><img loading=\"lazy\" decoding=\"async\" class=\"size-full wp-image-3816 alignleft\" src=\"https:\/\/olu-limburg.de\/wp-content\/uploads\/2015\/11\/SAM_0763_ergebnis-e1447090239765.jpg\" alt=\"SAM_0763_ergebnis\" width=\"450\" height=\"600\" \/><\/a><\/p>\n<p><a href=\"https:\/\/olu-limburg.de\/wp-content\/uploads\/2015\/11\/SAM_0766_ergebnis-e1447090258514.jpg\"><img loading=\"lazy\" decoding=\"async\" class=\"size-full wp-image-3817 alignright\" src=\"https:\/\/olu-limburg.de\/wp-content\/uploads\/2015\/11\/SAM_0766_ergebnis-e1447090258514.jpg\" alt=\"SAM_0766_ergebnis\" width=\"450\" height=\"600\" \/><\/a><\/p>\n<p><a href=\"https:\/\/olu-limburg.de\/wp-content\/uploads\/2015\/11\/SAM_0768_ergebnis-e1447090278175.jpg\"><img loading=\"lazy\" decoding=\"async\" class=\"size-full wp-image-3818 alignleft\" src=\"https:\/\/olu-limburg.de\/wp-content\/uploads\/2015\/11\/SAM_0768_ergebnis-e1447090278175.jpg\" alt=\"SAM_0768_ergebnis\" width=\"450\" height=\"600\" \/><\/a><\/p>\n<p><a href=\"https:\/\/olu-limburg.de\/wp-content\/uploads\/2015\/11\/SAM_0772_ergebnis-e1447090305935.jpg\"><img loading=\"lazy\" decoding=\"async\" class=\"size-full wp-image-3819 alignright\" src=\"https:\/\/olu-limburg.de\/wp-content\/uploads\/2015\/11\/SAM_0772_ergebnis-e1447090305935.jpg\" alt=\"SAM_0772_ergebnis\" width=\"450\" height=\"600\" \/><\/a><\/p>\n<p><a href=\"https:\/\/olu-limburg.de\/wp-content\/uploads\/2015\/11\/SAM_0773_ergebnis-e1447090324274.jpg\"><img loading=\"lazy\" decoding=\"async\" class=\"size-full wp-image-3820 alignleft\" src=\"https:\/\/olu-limburg.de\/wp-content\/uploads\/2015\/11\/SAM_0773_ergebnis-e1447090324274.jpg\" alt=\"SAM_0773_ergebnis\" width=\"450\" height=\"600\" \/><\/a><\/p>\n<p><a href=\"https:\/\/olu-limburg.de\/wp-content\/uploads\/2015\/11\/SAM_0776_ergebnis-e1447090347487.jpg\"><img loading=\"lazy\" decoding=\"async\" class=\"size-full wp-image-3821 alignright\" src=\"https:\/\/olu-limburg.de\/wp-content\/uploads\/2015\/11\/SAM_0776_ergebnis-e1447090347487.jpg\" alt=\"SAM_0776_ergebnis\" width=\"450\" height=\"600\" \/><\/a><\/p>\n<p><a href=\"https:\/\/olu-limburg.de\/wp-content\/uploads\/2015\/11\/SAM_0786_ergebnis-e1447090385624.jpg\"><img loading=\"lazy\" decoding=\"async\" class=\"size-full wp-image-3823 aligncenter\" src=\"https:\/\/olu-limburg.de\/wp-content\/uploads\/2015\/11\/SAM_0786_ergebnis-e1447090385624.jpg\" alt=\"SAM_0786_ergebnis\" width=\"450\" height=\"600\" \/><\/a><\/p>\n<p><a href=\"https:\/\/olu-limburg.de\/wp-content\/uploads\/2015\/11\/SAM_0792_ergebnis-e1447090403971.jpg\"><img loading=\"lazy\" decoding=\"async\" class=\"size-full wp-image-3824 aligncenter\" src=\"https:\/\/olu-limburg.de\/wp-content\/uploads\/2015\/11\/SAM_0792_ergebnis-e1447090403971.jpg\" alt=\"SAM_0792_ergebnis\" width=\"450\" height=\"600\" \/><\/a><\/p>\n<p><a href=\"https:\/\/olu-limburg.de\/wp-content\/uploads\/2015\/11\/SAM_0799_ergebnis.jpg\"><img loading=\"lazy\" decoding=\"async\" class=\"size-full wp-image-3825 aligncenter\" src=\"https:\/\/olu-limburg.de\/wp-content\/uploads\/2015\/11\/SAM_0799_ergebnis.jpg\" alt=\"SAM_0799_ergebnis\" width=\"800\" height=\"600\" srcset=\"https:\/\/olu-limburg.de\/wp-content\/uploads\/2015\/11\/SAM_0799_ergebnis.jpg 800w, https:\/\/olu-limburg.de\/wp-content\/uploads\/2015\/11\/SAM_0799_ergebnis-300x225.jpg 300w, https:\/\/olu-limburg.de\/wp-content\/uploads\/2015\/11\/SAM_0799_ergebnis-624x468.jpg 624w\" sizes=\"auto, (max-width: 800px) 100vw, 800px\" \/><\/a><\/p>\n<p><a href=\"https:\/\/olu-limburg.de\/wp-content\/uploads\/2015\/11\/SAM_0802_ergebnis-e1447090470246.jpg\"><img loading=\"lazy\" decoding=\"async\" class=\"size-full wp-image-3827 aligncenter\" src=\"https:\/\/olu-limburg.de\/wp-content\/uploads\/2015\/11\/SAM_0802_ergebnis-e1447090470246.jpg\" alt=\"SAM_0802_ergebnis\" width=\"450\" height=\"600\" \/><\/a><\/p>\n<p><a href=\"https:\/\/olu-limburg.de\/wp-content\/uploads\/2015\/11\/SAM_0813_ergebnis.jpg\"><img loading=\"lazy\" decoding=\"async\" class=\"size-full wp-image-3828 aligncenter\" src=\"https:\/\/olu-limburg.de\/wp-content\/uploads\/2015\/11\/SAM_0813_ergebnis.jpg\" alt=\"SAM_0813_ergebnis\" width=\"800\" height=\"600\" srcset=\"https:\/\/olu-limburg.de\/wp-content\/uploads\/2015\/11\/SAM_0813_ergebnis.jpg 800w, https:\/\/olu-limburg.de\/wp-content\/uploads\/2015\/11\/SAM_0813_ergebnis-300x225.jpg 300w, https:\/\/olu-limburg.de\/wp-content\/uploads\/2015\/11\/SAM_0813_ergebnis-624x468.jpg 624w\" sizes=\"auto, (max-width: 800px) 100vw, 800px\" \/><\/a><\/p>\n<p><a href=\"https:\/\/olu-limburg.de\/wp-content\/uploads\/2015\/11\/SAM_0832_ergebnis-e1447090502566.jpg\"><img loading=\"lazy\" decoding=\"async\" class=\"size-full wp-image-3829 aligncenter\" src=\"https:\/\/olu-limburg.de\/wp-content\/uploads\/2015\/11\/SAM_0832_ergebnis-e1447090502566.jpg\" alt=\"SAM_0832_ergebnis\" width=\"450\" height=\"600\" \/><\/a><\/p>\n<p>&nbsp;<\/p>\n<p style=\"text-align: center;\"><a href=\"https:\/\/olu-limburg.de\/?page_id=3791\">Zur\u00fcck zum Seitenanfang<\/a><\/p>\n<p>&nbsp;<\/p>\n<p>&nbsp;<\/p>\n<p>&nbsp;<\/p>\n<p>&nbsp;<\/p>\n","protected":false},"excerpt":{"rendered":"<p>Text und Fotos: Hans-Werner Auf unserem Kurztrip ins Alemannische vom 20. bis 23.02.2014 war das 31. Internationale Guggemusiktreffen am 22. und 23.02. 2014 in Schw\u00e4bisch Gm\u00fcnd unser Ziel. Seit unseren Fahrten zum Weinlesefest nach Barr (Elsass) sind wir Fans dieser Schr\u00e4gtonmusik. Da wir bereits am Donnerstagnachmittag in Schw\u00e4bisch Gm\u00fcnd anreisen, k\u00f6nnen wir bereits vorab die [&hellip;]<\/p>\n","protected":false},"author":1,"featured_media":0,"parent":0,"menu_order":0,"comment_status":"closed","ping_status":"closed","template":"page-templates\/full-width.php","meta":{"footnotes":""},"class_list":["post-3791","page","type-page","status-publish","hentry"],"_links":{"self":[{"href":"https:\/\/olu-limburg.de\/index.php?rest_route=\/wp\/v2\/pages\/3791","targetHints":{"allow":["GET"]}}],"collection":[{"href":"https:\/\/olu-limburg.de\/index.php?rest_route=\/wp\/v2\/pages"}],"about":[{"href":"https:\/\/olu-limburg.de\/index.php?rest_route=\/wp\/v2\/types\/page"}],"author":[{"embeddable":true,"href":"https:\/\/olu-limburg.de\/index.php?rest_route=\/wp\/v2\/users\/1"}],"replies":[{"embeddable":true,"href":"https:\/\/olu-limburg.de\/index.php?rest_route=%2Fwp%2Fv2%2Fcomments&post=3791"}],"version-history":[{"count":9,"href":"https:\/\/olu-limburg.de\/index.php?rest_route=\/wp\/v2\/pages\/3791\/revisions"}],"predecessor-version":[{"id":6171,"href":"https:\/\/olu-limburg.de\/index.php?rest_route=\/wp\/v2\/pages\/3791\/revisions\/6171"}],"wp:attachment":[{"href":"https:\/\/olu-limburg.de\/index.php?rest_route=%2Fwp%2Fv2%2Fmedia&parent=3791"}],"curies":[{"name":"wp","href":"https:\/\/api.w.org\/{rel}","templated":true}]}}