{"id":25,"date":"2014-11-10T18:57:40","date_gmt":"2014-11-10T17:57:40","guid":{"rendered":"https:\/\/olu-limburg.de\/?page_id=25"},"modified":"2026-03-31T17:23:46","modified_gmt":"2026-03-31T15:23:46","slug":"ueber-uns","status":"publish","type":"page","link":"https:\/\/olu-limburg.de\/?page_id=25","title":{"rendered":"\u00dcber uns"},"content":{"rendered":"<p>Wir haben nun die Zeit uns noch mehr unserem gro\u00dfen Hobby, dem Reisen mit dem Wohnmobil, zuzuwenden und wir merken, dass wir trotz der vielen Reisen in den vergangenen Jahren noch lange nicht alles in Europa gesehen haben.<\/p>\n<p>Auf den Reisen werden so viele Eindr\u00fccke aufgenommen, dass wir dies auch irgendwie als Erinnerungsst\u00fctze dokumentieren wollen. Hierf\u00fcr haben wir das Medium der Website gew\u00e4hlt. In erster Linie ist es unser Ged\u00e4chtnis. Unsere Erfahrungen stellen wir aber auch gerne anderen Interessierten zur Verf\u00fcgung.<\/p>\n<p>Trotz unserer vielen Fahrten mit dem Wohnmobil f\u00fchlen wir uns in der reisefreien Zeit in unserer Heimatstadt, Limburg an der Lahn, sehr wohl. Wenn wir durch unsere sch\u00f6ne Altstadt streifen, schauen wir immer wieder mal mit den Augen der Touristen umher und entdecken auf diese Weise neue Eindr\u00fccke des eigentlich Altbekannten. Ebenso verh\u00e4lt es sich mit dem beschaulischen Lahntal.<\/p>\n<p>Durch den Tod von Lena im Januar 2026 werde ich mich gezwungenerma\u00dfen jetzt als Alleinreisender versuchen.<\/p>\n<p>&nbsp;<\/p>\n<p><strong>Limburg an der Lahn<\/strong><\/p>\n<p>Limburg liegt an der A 3 zwischen Frankfurt und K\u00f6ln in dem herrlichen Lahntal. In der Kernstadt wohnen z. Zt. ca. 19.000 Einwohner. Mit den Stadtteilen kommt Limburg auf ca. 36.000 Einwohner.<\/p>\n<p><a href=\"https:\/\/olu-limburg.de\/wp-content\/uploads\/2014\/11\/P1070386-e1416245464584.jpg\"><img loading=\"lazy\" decoding=\"async\" class=\"alignnone size-full wp-image-149\" src=\"https:\/\/olu-limburg.de\/wp-content\/uploads\/2014\/11\/P1070386-e1416245464584.jpg\" alt=\"P1070386\" width=\"800\" height=\"600\" \/><\/a><\/p>\n<p>Bekannt ist Limburg durch seinen Georgs-Dom (Einweihung 1235) auf dem Felsen \u00fcber der Lahn. Hier treffen sich im \u00dcbergang der romanische und gotische Baustiel. Es ist der kleinste Dom Deutschlands, hat aber sieben sogenannte Hauptt\u00fcrme. Leider ist unser Dom nicht mehr auf einem gebr\u00e4uchlichem Geldschein pr\u00e4sent.<\/p>\n<p><a href=\"https:\/\/olu-limburg.de\/wp-content\/uploads\/2014\/11\/P1000837-e1416246012452.jpg\"><img loading=\"lazy\" decoding=\"async\" class=\"alignnone size-full wp-image-154\" src=\"https:\/\/olu-limburg.de\/wp-content\/uploads\/2014\/11\/P1000837-e1416246012452.jpg\" alt=\"P1000837\" width=\"800\" height=\"600\" \/><\/a><\/p>\n<p>In dem gro\u00dffl\u00e4chigen Altstadtensemble wurde in den 70er Jahren durch \u00f6ffentliche F\u00f6rdermittel mit der privaten Sanierung der Fachwerkh\u00e4user begonnen. Lange Zeit hatte Limburg sogar das \u00e4lteste Fachwerkhaus Deutschlands.<\/p>\n<p><a href=\"https:\/\/olu-limburg.de\/wp-content\/uploads\/2014\/11\/P1030442-e1417645066858.jpg\"><img loading=\"lazy\" decoding=\"async\" class=\"alignnone size-full wp-image-613\" src=\"https:\/\/olu-limburg.de\/wp-content\/uploads\/2014\/11\/P1030442-e1417645066858.jpg\" alt=\"P1030442\" width=\"800\" height=\"600\" \/><\/a><\/p>\n<p>Eine abwechslungsreiche Gastronomie versch\u00f6nert den Aufenthalt in Limburg. Au\u00dferdem kann man von hier aus nach beiden Richtungen den Lahntal-Radweg befahren. Rheinw\u00e4rts hat man das enge Lahntal mit Wald und direkt ansteigenden H\u00f6hen. Lahnaufw\u00e4rts sind Wiesen und Felder landschaftsbestimmend. Der Paddelboot-Tourismus ist schon seit vielen Jahren ein fester Bestandteil der Branche.<\/p>\n<p>Zur \u00dcbernachtung l\u00e4dt der Wohnmobil-Stellplatz mit seiner malerischen Kulisse von Dom und Lahn ein. Aktualiserung: Der Stellplatz wurde erweitert und ist nach der Coronasperre wieder in Betrieb. Dar\u00fcberhinaus wird der ehemalige Campingbereich in ein gro\u00dfz\u00fcgiges Ressort mit Restaurant f\u00fcr Wohnmobile und Wohnwagen umgestaltet. Die fertigen Kapazit\u00e4ten des Campingbereiches k\u00f6nnen schon genutzt werden.<\/p>\n<p>&nbsp;<\/p>\n<p><strong>Unser Bett auf Reisen<\/strong><\/p>\n<p><a href=\"https:\/\/olu-limburg.de\/wp-content\/uploads\/2014\/11\/Lena-und-Gemeinschaftszelt.jpg\" rel=\"attachment wp-att-7592\"><img loading=\"lazy\" decoding=\"async\" class=\"size-full wp-image-7592 alignleft\" src=\"https:\/\/olu-limburg.de\/wp-content\/uploads\/2014\/11\/Lena-und-Gemeinschaftszelt.jpg\" alt=\"Lena und Gemeinschaftszelt\" width=\"129\" height=\"160\" \/><\/a><\/p>\n<p>&nbsp;<\/p>\n<p>Im Sommer 1974 sind wir von Freunden zum Campingurlaub animiert worden, damals noch ohne eigenes Zelt. Wir machten Naturcamping am Strand von Stes. Maries de la Mer in der Camarque.<\/p>\n<p>&nbsp;<\/p>\n<p>&nbsp;<\/p>\n<p><a href=\"https:\/\/olu-limburg.de\/wp-content\/uploads\/2014\/11\/unser-erstes-Zelt-links.jpg\" rel=\"attachment wp-att-7593\"><img loading=\"lazy\" decoding=\"async\" class=\"size-full wp-image-7593 alignleft\" src=\"https:\/\/olu-limburg.de\/wp-content\/uploads\/2014\/11\/unser-erstes-Zelt-links.jpg\" alt=\"unser erstes Zelt (links)\" width=\"160\" height=\"129\" \/><\/a><\/p>\n<p>1975 gab es dann das erste eigene Zelt\u2026<\/p>\n<p>&nbsp;<\/p>\n<p>&nbsp;<\/p>\n<p>&nbsp;<\/p>\n<p><a href=\"https:\/\/olu-limburg.de\/wp-content\/uploads\/2014\/11\/zweites-Zelt-mit-Lena-und-Markus.jpg\" rel=\"attachment wp-att-7594\"><img loading=\"lazy\" decoding=\"async\" class=\"size-full wp-image-7594 alignleft\" src=\"https:\/\/olu-limburg.de\/wp-content\/uploads\/2014\/11\/zweites-Zelt-mit-Lena-und-Markus.jpg\" alt=\"zweites Zelt mit Lena und Markus\" width=\"160\" height=\"106\" \/><\/a><\/p>\n<p>\u2026 dem 1983 ein etwas gr\u00f6\u00dferes Zelt folgte.<\/p>\n<p>&nbsp;<\/p>\n<p>&nbsp;<\/p>\n<p>&nbsp;<\/p>\n<p><a href=\"https:\/\/olu-limburg.de\/wp-content\/uploads\/2014\/11\/Avanti-Compact-Ford-FT-100-Diesel2.jpg\" rel=\"attachment wp-att-7589\"><img loading=\"lazy\" decoding=\"async\" class=\"size-full wp-image-7589 alignleft\" src=\"https:\/\/olu-limburg.de\/wp-content\/uploads\/2014\/11\/Avanti-Compact-Ford-FT-100-Diesel2.jpg\" alt=\"Avanti Compact Ford FT 100 Diesel2\" width=\"160\" height=\"110\" \/><\/a>Am 22.06.1987 haben wir unser erstes Wohnmobil zugelassen. Es war ein Alkoven-Modell \u201eCompact\u201c Ford FT 100 Diesel von der Fa. Avanti. Es hatte sehr viel Zureden unseres damals 8-j\u00e4hrigen Sohnes bedurft, bis wir uns zu dem Kauf durchgerungen haben. Unser j\u00fcngster Sohn hat das Wohnmobil dann als seine zweite Wiege betrachtet und seine ersten Z\u00e4hne darin bekommen. Leider mussten wir uns im Herbst 1989 wegen eines unverschuldeten Totalschadens von dem guten St\u00fcck trennen.<\/p>\n<p>&nbsp;<\/p>\n<p><a href=\"https:\/\/olu-limburg.de\/wp-content\/uploads\/2014\/11\/Dethleffs-Typ-A521.jpg\" rel=\"attachment wp-att-7591\"><img loading=\"lazy\" decoding=\"async\" class=\"size-full wp-image-7591 alignleft\" src=\"https:\/\/olu-limburg.de\/wp-content\/uploads\/2014\/11\/Dethleffs-Typ-A521.jpg\" alt=\"Dethleffs Typ A521\" width=\"160\" height=\"104\" \/><\/a><\/p>\n<p>Daf\u00fcr kam am 27.02.1990 wieder ein Alkoven-Fahrzeug, diesmal von Dethleffs Typ A 521. Dieses Wohnmobil begleitete uns bis M\u00e4rz 2005 auf allen Reisen.<\/p>\n<p>&nbsp;<\/p>\n<p>&nbsp;<\/p>\n<p><a href=\"https:\/\/olu-limburg.de\/wp-content\/uploads\/2014\/11\/Dethleffs-Typ-A-6671-2.jpg\" rel=\"attachment wp-att-7590\"><img loading=\"lazy\" decoding=\"async\" class=\"size-full wp-image-7590 alignleft\" src=\"https:\/\/olu-limburg.de\/wp-content\/uploads\/2014\/11\/Dethleffs-Typ-A-6671-2.jpg\" alt=\"Dethleffs Typ A 6671 2\" width=\"160\" height=\"120\" \/><\/a><\/p>\n<p>Abgel\u00f6st wurde es sofort von einem weiteren Dethleffs Typ A 6671.<\/p>\n","protected":false},"excerpt":{"rendered":"<p>Wir haben nun die Zeit uns noch mehr unserem gro\u00dfen Hobby, dem Reisen mit dem Wohnmobil, zuzuwenden und wir merken, dass wir trotz der vielen Reisen in den vergangenen Jahren noch lange nicht alles in Europa gesehen haben. Auf den Reisen werden so viele Eindr\u00fccke aufgenommen, dass wir dies auch irgendwie als Erinnerungsst\u00fctze dokumentieren wollen. [&hellip;]<\/p>\n","protected":false},"author":1,"featured_media":0,"parent":0,"menu_order":0,"comment_status":"closed","ping_status":"open","template":"page-templates\/full-width.php","meta":{"footnotes":""},"class_list":["post-25","page","type-page","status-publish","hentry"],"_links":{"self":[{"href":"https:\/\/olu-limburg.de\/index.php?rest_route=\/wp\/v2\/pages\/25","targetHints":{"allow":["GET"]}}],"collection":[{"href":"https:\/\/olu-limburg.de\/index.php?rest_route=\/wp\/v2\/pages"}],"about":[{"href":"https:\/\/olu-limburg.de\/index.php?rest_route=\/wp\/v2\/types\/page"}],"author":[{"embeddable":true,"href":"https:\/\/olu-limburg.de\/index.php?rest_route=\/wp\/v2\/users\/1"}],"replies":[{"embeddable":true,"href":"https:\/\/olu-limburg.de\/index.php?rest_route=%2Fwp%2Fv2%2Fcomments&post=25"}],"version-history":[{"count":32,"href":"https:\/\/olu-limburg.de\/index.php?rest_route=\/wp\/v2\/pages\/25\/revisions"}],"predecessor-version":[{"id":36002,"href":"https:\/\/olu-limburg.de\/index.php?rest_route=\/wp\/v2\/pages\/25\/revisions\/36002"}],"wp:attachment":[{"href":"https:\/\/olu-limburg.de\/index.php?rest_route=%2Fwp%2Fv2%2Fmedia&parent=25"}],"curies":[{"name":"wp","href":"https:\/\/api.w.org\/{rel}","templated":true}]}}