{"id":17908,"date":"2019-07-22T14:11:02","date_gmt":"2019-07-22T13:11:02","guid":{"rendered":"https:\/\/olu-limburg.de\/?page_id=17908"},"modified":"2019-08-12T14:20:43","modified_gmt":"2019-08-12T12:20:43","slug":"von-thueringen-zum-ostseestrand-und-weiter-bis-nach-nederland-mai-und-juni-2019","status":"publish","type":"page","link":"https:\/\/olu-limburg.de\/?page_id=17908","title":{"rendered":"Von Th\u00fcringen zum Ostseestrand und weiter bis nach Nederland Mai und Juni 2019"},"content":{"rendered":"<p>Text: Hans-Werner\u00a0\u00a0\u00a0\u00a0\u00a0\u00a0\u00a0\u00a0\u00a0\u00a0\u00a0\u00a0\u00a0\u00a0\u00a0\u00a0\u00a0\u00a0\u00a0\u00a0\u00a0\u00a0\u00a0\u00a0\u00a0\u00a0\u00a0\u00a0\u00a0\u00a0\u00a0\u00a0\u00a0\u00a0\u00a0\u00a0\u00a0\u00a0\u00a0\u00a0\u00a0\u00a0\u00a0\u00a0\u00a0\u00a0\u00a0\u00a0\u00a0\u00a0\u00a0\u00a0\u00a0\u00a0\u00a0\u00a0\u00a0\u00a0\u00a0\u00a0\u00a0\u00a0\u00a0\u00a0\u00a0\u00a0\u00a0\u00a0\u00a0\u00a0\u00a0\u00a0\u00a0\u00a0\u00a0\u00a0\u00a0\u00a0\u00a0\u00a0\u00a0\u00a0\u00a0\u00a0\u00a0\u00a0\u00a0\u00a0\u00a0\u00a0\u00a0\u00a0\u00a0\u00a0\u00a0\u00a0\u00a0\u00a0\u00a0\u00a0\u00a0\u00a0\u00a0\u00a0\u00a0\u00a0\u00a0\u00a0\u00a0\u00a0\u00a0\u00a0\u00a0\u00a0\u00a0\u00a0\u00a0\u00a0\u00a0\u00a0\u00a0 Fotos: Hans-Werner und Lena<\/p>\n<p>&nbsp;<\/p>\n<p>Mit dieser Grundidee sind wir an den Wohnmobil-Urlaub heran gegangen. Fixpunkt und Ausl\u00f6ser war das Konzert von &#8222;Mark Knopfler (Ex-Dire Straits) und Band&#8220; am 15. Mai 2019 in der Mercedes-Benz-Arena in Berlin. Sp\u00e4ter kam noch das Nordtreffen des Wohnmobilforum vom 30. Mai bis zum 02. Juni 2019 hinzu.<\/p>\n<p>Vom 05. Mai bis 13. Juni 2019 erlebten wir zu Anfang viel Kultur und Natur, um die letzten zwei Wochen zu relaxen, und \u00fcbernachteten fast ausschlie\u00dflich auf Wohnmobil-Stellpl\u00e4tzen. Wichtige Eckpunkte f\u00fcr uns waren Dessau (100 Jahre Bauhaus), der Spreewald, Potsdam, Berlin und Umgebung, Neuruppin (200 Jahre Theodor Fontane) und die deutsche Ostseek\u00fcste. Letztendlich lie\u00dfen wir uns einfach so noch \u00fcber Hitzacker und Worpswede ins Emsland zu unserem Treffen treiben. Als ungeplante Zugabe fanden wir die holl\u00e4ndischen Regionen Groningen und Friesland auch ganz sch\u00f6n. Ohne das Treffen inmitten unserer Tour h\u00e4tten wir uns in dem einen oder anderen Ort mit Sicherheit l\u00e4nger aufgehalten. So war es manchmal schon ein wenig stressig.<\/p>\n<p>Auf unserer Wohnmobil-Tour legten wir insgesamt 2.863 km zur\u00fcck.<\/p>\n<p>&nbsp;<\/p>\n<p><a href=\"https:\/\/olu-limburg.de\/?page_id=17920\">Teil 1 &#8211;\u00a0 05.05. bis 12.05. von Limburg zur Halbinsel Werder<\/a><\/p>\n<p><a href=\"https:\/\/olu-limburg.de\/?page_id=18383\">Teil 2 &#8211;\u00a0 13.05. bis 19.05. von der Halbinsel Werder nach Ahlbeck (Insel Usedom)<\/a><\/p>\n<p><a href=\"https:\/\/olu-limburg.de\/?page_id=18879\">Teil 3 &#8211;\u00a0 20.05. bis 26.05. von Ahlbeck nach Wismar<\/a><\/p>\n<p><a href=\"https:\/\/olu-limburg.de\/?page_id=19360\">Teil 4 &#8211;\u00a0 27.05. bis 02.06. von Wismar nach Ditzum<\/a><\/p>\n<p><a href=\"https:\/\/olu-limburg.de\/?page_id=19610\">Teil 5 &#8211;\u00a0 03.06. bis 13.06. von Ditzum nach Limburg<\/a><\/p>\n<p>&nbsp;<\/p>\n","protected":false},"excerpt":{"rendered":"<p>Text: Hans-Werner\u00a0\u00a0\u00a0\u00a0\u00a0\u00a0\u00a0\u00a0\u00a0\u00a0\u00a0\u00a0\u00a0\u00a0\u00a0\u00a0\u00a0\u00a0\u00a0\u00a0\u00a0\u00a0\u00a0\u00a0\u00a0\u00a0\u00a0\u00a0\u00a0\u00a0\u00a0\u00a0\u00a0\u00a0\u00a0\u00a0\u00a0\u00a0\u00a0\u00a0\u00a0\u00a0\u00a0\u00a0\u00a0\u00a0\u00a0\u00a0\u00a0\u00a0\u00a0\u00a0\u00a0\u00a0\u00a0\u00a0\u00a0\u00a0\u00a0\u00a0\u00a0\u00a0\u00a0\u00a0\u00a0\u00a0\u00a0\u00a0\u00a0\u00a0\u00a0\u00a0\u00a0\u00a0\u00a0\u00a0\u00a0\u00a0\u00a0\u00a0\u00a0\u00a0\u00a0\u00a0\u00a0\u00a0\u00a0\u00a0\u00a0\u00a0\u00a0\u00a0\u00a0\u00a0\u00a0\u00a0\u00a0\u00a0\u00a0\u00a0\u00a0\u00a0\u00a0\u00a0\u00a0\u00a0\u00a0\u00a0\u00a0\u00a0\u00a0\u00a0\u00a0\u00a0\u00a0\u00a0\u00a0\u00a0\u00a0\u00a0\u00a0 Fotos: Hans-Werner und Lena &nbsp; Mit dieser Grundidee sind wir an den Wohnmobil-Urlaub heran gegangen. Fixpunkt und Ausl\u00f6ser war das Konzert von &#8222;Mark Knopfler (Ex-Dire Straits) und Band&#8220; am 15. Mai 2019 in der Mercedes-Benz-Arena in Berlin. Sp\u00e4ter kam noch das Nordtreffen des Wohnmobilforum vom 30. Mai bis zum 02. Juni 2019 hinzu. [&hellip;]<\/p>\n","protected":false},"author":1,"featured_media":0,"parent":0,"menu_order":0,"comment_status":"closed","ping_status":"closed","template":"page-templates\/full-width.php","meta":{"footnotes":""},"class_list":["post-17908","page","type-page","status-publish","hentry"],"_links":{"self":[{"href":"https:\/\/olu-limburg.de\/index.php?rest_route=\/wp\/v2\/pages\/17908","targetHints":{"allow":["GET"]}}],"collection":[{"href":"https:\/\/olu-limburg.de\/index.php?rest_route=\/wp\/v2\/pages"}],"about":[{"href":"https:\/\/olu-limburg.de\/index.php?rest_route=\/wp\/v2\/types\/page"}],"author":[{"embeddable":true,"href":"https:\/\/olu-limburg.de\/index.php?rest_route=\/wp\/v2\/users\/1"}],"replies":[{"embeddable":true,"href":"https:\/\/olu-limburg.de\/index.php?rest_route=%2Fwp%2Fv2%2Fcomments&post=17908"}],"version-history":[{"count":19,"href":"https:\/\/olu-limburg.de\/index.php?rest_route=\/wp\/v2\/pages\/17908\/revisions"}],"predecessor-version":[{"id":19841,"href":"https:\/\/olu-limburg.de\/index.php?rest_route=\/wp\/v2\/pages\/17908\/revisions\/19841"}],"wp:attachment":[{"href":"https:\/\/olu-limburg.de\/index.php?rest_route=%2Fwp%2Fv2%2Fmedia&parent=17908"}],"curies":[{"name":"wp","href":"https:\/\/api.w.org\/{rel}","templated":true}]}}