{"id":15744,"date":"2018-10-22T18:40:15","date_gmt":"2018-10-22T16:40:15","guid":{"rendered":"https:\/\/olu-limburg.de\/?page_id=15744"},"modified":"2018-12-13T10:18:32","modified_gmt":"2018-12-13T09:18:32","slug":"griechenland-herbst-2018-peloponnes","status":"publish","type":"page","link":"https:\/\/olu-limburg.de\/?page_id=15744","title":{"rendered":"Griechenland Herbst 2018 &#8211; Peloponnes und Italien"},"content":{"rendered":"<p>Text: Hans-Werner&nbsp;&nbsp;&nbsp;&nbsp;&nbsp;&nbsp;&nbsp;&nbsp;&nbsp;&nbsp;&nbsp;&nbsp;&nbsp;&nbsp;&nbsp;&nbsp;&nbsp;&nbsp;&nbsp;&nbsp;&nbsp;&nbsp;&nbsp;&nbsp;&nbsp;&nbsp;&nbsp;&nbsp;&nbsp;&nbsp;&nbsp;&nbsp;&nbsp;&nbsp;&nbsp;&nbsp;&nbsp;&nbsp;&nbsp;&nbsp;&nbsp;&nbsp;&nbsp;&nbsp;&nbsp;&nbsp;&nbsp;&nbsp;&nbsp;&nbsp;&nbsp;&nbsp;&nbsp;&nbsp;&nbsp;&nbsp;&nbsp;&nbsp;&nbsp;&nbsp;&nbsp;&nbsp;&nbsp;&nbsp;&nbsp;&nbsp;&nbsp;&nbsp;&nbsp;&nbsp;&nbsp;&nbsp;&nbsp;&nbsp;&nbsp;&nbsp;&nbsp;&nbsp;&nbsp;&nbsp;&nbsp;&nbsp;&nbsp;&nbsp;&nbsp;&nbsp;&nbsp;&nbsp;&nbsp;&nbsp;&nbsp;&nbsp;&nbsp;&nbsp;&nbsp;&nbsp;&nbsp;&nbsp; Fotos: Hans-Werner und Lena<\/p>\n<p>&nbsp;<\/p>\n<p>In diesem Herbst sollte es mal wieder Griechenland sein. Da unser j\u00fcngerer Sohn mit Zelt auf den Spuren der gemeinsamen Reisen im Wohnmobil auf dem Peloponnes wandeln wollte, haben wir unsere diesj\u00e4hrige Wohnmobil-Reise ein wenig drumherum geplant. So lie\u00dfen sich einige Treffen w\u00e4hrend des Urlaubs verwirklichen.<\/p>\n<p>Unsere Reise ging vom 31. August bis zum 14. Oktober 2018. Wir haben dabei insgesamt 4.200 km mit dem Wohnmobil zur\u00fcck gelegt. Auf beiden Strecken durch Italien haben wir uns noch ein wenig umgesehen und die Orte Soragna, Corinaldo, Ravenna, Chioggia und Venedig besichtigt. F\u00fcr die \u00dcberfahrt nach Griechenland haben wir die F\u00e4hre von Ancona nach Igoumenitsa gew\u00e4hlt. Zur\u00fcck ging es dann ab Patras. Die Abwicklung der Buchung hat f\u00fcr uns die Agentur &#8222;Linos-Travel&#8220; in Igoumenitsa \u00fcbernommen. Danach war f\u00fcr uns der Weg das Ziel zum und auf dem Peloponnes. Besichtigungen haben wir dort bei unseren vielen Reisen schon zur Gen\u00fcge genossen. Das Hauptaugenmerk lag auf dem Land und der Natur.<\/p>\n<p>Was wir aber gerne angenommen haben, war die ungeheure Anziehung der unscheinbaren orthodoxen Kirchen. W\u00e4hrend unsere Dome und die Kathedralen in Frankreich und England gewaltig nach oben streben und dadurch ihre Wirkung erzielen, sind es hier die kleinen Gottesh\u00e4user mit den Kleinoden im Inneren.<\/p>\n<p>Erhardt K\u00e4stner schreibt in seinem Buch &#8222;Stundentrommel vom heiligen Berg Athos&#8220; \u00fcber die kleinen Kapellen: &#8222;Stein stellt was dar, wenn jemand Macht zeigen will. Stein steht f\u00fcr Unsterblichkeit. Holz aber, worin das Laubgefl\u00fcster noch wohnt, ist Wachstum, bildgewordene Jahre, Musik und Trost.&#8220; (zusammengefa\u00dftes Zitat).<\/p>\n<p>Bei den \u00dcbernachtungspl\u00e4tzen haben wir auf unsere Augen vertraut. Informationen holten wir uns im Reisemobil-Bordatlas, ACSI-Stellplatzf\u00fchrer und der App &#8222;park4night&#8220;.<\/p>\n<p>Sehr wichtig sind auch einfache Badeschuhe. Denn es gibt nicht nur Sandstr\u00e4nde, sondern auch wundersch\u00f6ne Kiesstr\u00e4nde, wo nicht durch \u00e4u\u00dfere Umst\u00e4nde der Badespa\u00df vermiest werden sollte.<\/p>\n<p>&nbsp;<\/p>\n<p style=\"text-align: center;\"><a href=\"https:\/\/olu-limburg.de\/?page_id=15754\">Teil 1 &#8211; 31.08. bis 09.09. von Limburg nach Kastro-Killini (Griechenland)<\/a><\/p>\n<p style=\"text-align: left;\">&nbsp;&nbsp;&nbsp;&nbsp;&nbsp;&nbsp;&nbsp;&nbsp;&nbsp;&nbsp;&nbsp;&nbsp;&nbsp;&nbsp;&nbsp;&nbsp;&nbsp;&nbsp;&nbsp;&nbsp;&nbsp;&nbsp;&nbsp;&nbsp;&nbsp;&nbsp;&nbsp;&nbsp;&nbsp;&nbsp;&nbsp;&nbsp;&nbsp;&nbsp;&nbsp;&nbsp;&nbsp;&nbsp;&nbsp;&nbsp;&nbsp;&nbsp;&nbsp;&nbsp;&nbsp;&nbsp;&nbsp;&nbsp;&nbsp;&nbsp;&nbsp;&nbsp;&nbsp;&nbsp;&nbsp;&nbsp;&nbsp;&nbsp;&nbsp;&nbsp;&nbsp;&nbsp;&nbsp;&nbsp;&nbsp;&nbsp;&nbsp;&nbsp; <a href=\"https:\/\/olu-limburg.de\/?page_id=16056\">Teil 2 &#8211; 10.09. bis 16.09. von Kastro (Killini) nach Palea Epidauros<\/a><\/p>\n<p style=\"text-align: left;\">&nbsp;&nbsp;&nbsp;&nbsp;&nbsp;&nbsp;&nbsp;&nbsp;&nbsp;&nbsp;&nbsp;&nbsp;&nbsp;&nbsp;&nbsp;&nbsp;&nbsp;&nbsp;&nbsp;&nbsp;&nbsp;&nbsp;&nbsp;&nbsp;&nbsp;&nbsp;&nbsp;&nbsp;&nbsp;&nbsp;&nbsp;&nbsp;&nbsp;&nbsp;&nbsp;&nbsp;&nbsp;&nbsp;&nbsp;&nbsp;&nbsp;&nbsp;&nbsp;&nbsp;&nbsp;&nbsp;&nbsp;&nbsp;&nbsp;&nbsp;&nbsp;&nbsp;&nbsp;&nbsp;&nbsp;&nbsp;&nbsp;&nbsp;&nbsp;&nbsp;&nbsp;&nbsp;&nbsp;&nbsp;&nbsp;&nbsp;&nbsp;&nbsp; <a href=\"https:\/\/olu-limburg.de\/?page_id=16507\">Teil 3 &#8211; 17.09. bis 23.09. von Palea Epidauros&nbsp; nach Iria Beach<\/a><\/p>\n<p style=\"text-align: left;\">&nbsp;&nbsp;&nbsp;&nbsp;&nbsp;&nbsp;&nbsp;&nbsp;&nbsp;&nbsp;&nbsp;&nbsp;&nbsp;&nbsp;&nbsp;&nbsp;&nbsp;&nbsp;&nbsp;&nbsp;&nbsp;&nbsp;&nbsp;&nbsp;&nbsp;&nbsp;&nbsp;&nbsp;&nbsp;&nbsp;&nbsp;&nbsp;&nbsp;&nbsp;&nbsp;&nbsp;&nbsp;&nbsp;&nbsp;&nbsp;&nbsp;&nbsp;&nbsp;&nbsp;&nbsp;&nbsp;&nbsp;&nbsp;&nbsp;&nbsp;&nbsp;&nbsp;&nbsp;&nbsp;&nbsp;&nbsp;&nbsp;&nbsp;&nbsp;&nbsp;&nbsp;&nbsp;&nbsp;&nbsp;&nbsp;&nbsp;&nbsp;&nbsp; <a href=\"https:\/\/olu-limburg.de\/?page_id=16725\">Teil 4 &#8211; 24.09. bis 30.09. von Iria Beach nach Kalo Nero<\/a><\/p>\n<p style=\"text-align: left;\">&nbsp;&nbsp;&nbsp;&nbsp;&nbsp;&nbsp;&nbsp;&nbsp;&nbsp;&nbsp;&nbsp;&nbsp;&nbsp;&nbsp;&nbsp;&nbsp;&nbsp;&nbsp;&nbsp;&nbsp;&nbsp;&nbsp;&nbsp;&nbsp;&nbsp;&nbsp;&nbsp;&nbsp;&nbsp;&nbsp;&nbsp;&nbsp;&nbsp;&nbsp;&nbsp;&nbsp;&nbsp;&nbsp;&nbsp;&nbsp;&nbsp;&nbsp;&nbsp;&nbsp;&nbsp;&nbsp;&nbsp;&nbsp;&nbsp;&nbsp;&nbsp;&nbsp;&nbsp;&nbsp;&nbsp;&nbsp;&nbsp;&nbsp;&nbsp;&nbsp;&nbsp;&nbsp;&nbsp;&nbsp;&nbsp;&nbsp;&nbsp;&nbsp; <a href=\"https:\/\/olu-limburg.de\/?page_id=16938\">Teil 5 &#8211; 01.10. bis 07.10. von Kalo Nero nach Ravenna (Italien)<\/a><\/p>\n<p style=\"text-align: left;\">&nbsp;&nbsp;&nbsp;&nbsp;&nbsp;&nbsp;&nbsp;&nbsp;&nbsp;&nbsp;&nbsp;&nbsp;&nbsp;&nbsp;&nbsp;&nbsp;&nbsp;&nbsp;&nbsp;&nbsp;&nbsp;&nbsp;&nbsp;&nbsp;&nbsp;&nbsp;&nbsp;&nbsp;&nbsp;&nbsp;&nbsp;&nbsp;&nbsp;&nbsp;&nbsp;&nbsp;&nbsp;&nbsp;&nbsp;&nbsp;&nbsp;&nbsp;&nbsp;&nbsp;&nbsp;&nbsp;&nbsp;&nbsp;&nbsp;&nbsp;&nbsp;&nbsp;&nbsp;&nbsp;&nbsp;&nbsp;&nbsp;&nbsp;&nbsp;&nbsp;&nbsp;&nbsp;&nbsp;&nbsp;&nbsp;&nbsp;&nbsp;&nbsp; <a href=\"https:\/\/olu-limburg.de\/?page_id=16940\">Teil 6 &#8211; 08.10. bis 14.10. von Ravenna nach Limburg<\/a><\/p>\n","protected":false},"excerpt":{"rendered":"<p>Text: Hans-Werner&nbsp;&nbsp;&nbsp;&nbsp;&nbsp;&nbsp;&nbsp;&nbsp;&nbsp;&nbsp;&nbsp;&nbsp;&nbsp;&nbsp;&nbsp;&nbsp;&nbsp;&nbsp;&nbsp;&nbsp;&nbsp;&nbsp;&nbsp;&nbsp;&nbsp;&nbsp;&nbsp;&nbsp;&nbsp;&nbsp;&nbsp;&nbsp;&nbsp;&nbsp;&nbsp;&nbsp;&nbsp;&nbsp;&nbsp;&nbsp;&nbsp;&nbsp;&nbsp;&nbsp;&nbsp;&nbsp;&nbsp;&nbsp;&nbsp;&nbsp;&nbsp;&nbsp;&nbsp;&nbsp;&nbsp;&nbsp;&nbsp;&nbsp;&nbsp;&nbsp;&nbsp;&nbsp;&nbsp;&nbsp;&nbsp;&nbsp;&nbsp;&nbsp;&nbsp;&nbsp;&nbsp;&nbsp;&nbsp;&nbsp;&nbsp;&nbsp;&nbsp;&nbsp;&nbsp;&nbsp;&nbsp;&nbsp;&nbsp;&nbsp;&nbsp;&nbsp;&nbsp;&nbsp;&nbsp;&nbsp;&nbsp;&nbsp;&nbsp;&nbsp;&nbsp;&nbsp;&nbsp;&nbsp; Fotos: Hans-Werner und Lena &nbsp; In diesem Herbst sollte es mal wieder Griechenland sein. Da unser j\u00fcngerer Sohn mit Zelt auf den Spuren der gemeinsamen Reisen im Wohnmobil auf dem Peloponnes wandeln wollte, haben wir unsere diesj\u00e4hrige Wohnmobil-Reise ein wenig drumherum geplant. So lie\u00dfen sich einige Treffen w\u00e4hrend des Urlaubs verwirklichen. Unsere Reise [&hellip;]<\/p>\n","protected":false},"author":1,"featured_media":0,"parent":0,"menu_order":0,"comment_status":"closed","ping_status":"closed","template":"page-templates\/full-width.php","meta":{"footnotes":""},"class_list":["post-15744","page","type-page","status-publish","hentry"],"_links":{"self":[{"href":"https:\/\/olu-limburg.de\/index.php?rest_route=\/wp\/v2\/pages\/15744","targetHints":{"allow":["GET"]}}],"collection":[{"href":"https:\/\/olu-limburg.de\/index.php?rest_route=\/wp\/v2\/pages"}],"about":[{"href":"https:\/\/olu-limburg.de\/index.php?rest_route=\/wp\/v2\/types\/page"}],"author":[{"embeddable":true,"href":"https:\/\/olu-limburg.de\/index.php?rest_route=\/wp\/v2\/users\/1"}],"replies":[{"embeddable":true,"href":"https:\/\/olu-limburg.de\/index.php?rest_route=%2Fwp%2Fv2%2Fcomments&post=15744"}],"version-history":[{"count":40,"href":"https:\/\/olu-limburg.de\/index.php?rest_route=\/wp\/v2\/pages\/15744\/revisions"}],"predecessor-version":[{"id":17506,"href":"https:\/\/olu-limburg.de\/index.php?rest_route=\/wp\/v2\/pages\/15744\/revisions\/17506"}],"wp:attachment":[{"href":"https:\/\/olu-limburg.de\/index.php?rest_route=%2Fwp%2Fv2%2Fmedia&parent=15744"}],"curies":[{"name":"wp","href":"https:\/\/api.w.org\/{rel}","templated":true}]}}