{"id":114,"date":"2014-11-17T16:14:06","date_gmt":"2014-11-17T15:14:06","guid":{"rendered":"https:\/\/olu-limburg.de\/?page_id=114"},"modified":"2019-02-15T09:51:37","modified_gmt":"2019-02-15T08:51:37","slug":"impressum-5","status":"publish","type":"page","link":"https:\/\/olu-limburg.de\/?page_id=114","title":{"rendered":"Impressum und Datenschutz"},"content":{"rendered":"<p><strong>Impressum<\/strong><\/p>\n<p>Verantwortlich f\u00fcr die redaktionellen Beitr\u00e4ge der Website ist ausschlie\u00dflich der Betreiber der Website. Kontaktadresse: &#8222;hans-werner(\u00e4t)olu-limburg.de&#8220;. Alle Ver\u00f6ffentlichungen auf dieser Homepage sind rein privater Natur. Die Fotoaufnahmen dienen nur der privaten Erinnerung und haben keinen kommerziellen Charakter. Die gewerbliche Nutzung der Fotografien durch andere Personen als den Fotografen werden strafrechtlich verfolgt.\u00a0 Das gleiche gilt f\u00fcr die gewerbliche Nutzung der Texte, die auf der Homepage dargestellt sind. Falls jemand Interesse an der Verwertung der Darstellungen hat, kann er sich gerne mit mir in Verbindung setzen.<\/p>\n<p>&nbsp;<\/p>\n<p><strong>Datenschutzerkl\u00e4rung<\/strong><\/p>\n<p>Die Adresse der Website ist: https:\/\/olu-limburg.de. Die Website wird ausschlie\u00dflich zu privaten Zwecken betrieben und enth\u00e4lt keinerlei Werbung oder Verkaufsinhalte.<\/p>\n<p>Beim Aufrufen der Website wird die IP-Adresse des Benutzers erfasst. Dies ist ein Hilfsmittel zur B\u00fcndelung der aufgerufenen Seiten und dient lediglich einem statistischen Zweck.<\/p>\n<p>Wenn Besucher Kommentare im G\u00e4stebuch auf der Website schreiben, sammel ich die Daten, die im Kommentar-Formular abgefragt werden, au\u00dferdem die IP-Adresse des Besuchers und den User-Agent-String (damit wird der Browser identifiziert), um die Erkennung von Spam zu unterst\u00fctzen. F\u00fcr einen Fremden ist deine E-Mail-Adresse nicht sichtbar. Die Angabe, und somit die Ver\u00f6ffentlichung, der eigenen Website ist freiwillig.<\/p>\n<p>Die Fotos auf dieser Website enthalten keine Daten zu GPS-Standorten.<\/p>\n<p>Beitr\u00e4ge auf dieser Website k\u00f6nnen eingebettete Inhalte beinhalten (z. B. Videos, Bilder, Beitr\u00e4ge etc.). Eingebettete Inhalte von anderen Websites verhalten sich exakt so, als ob der Besucher die andere Website besucht h\u00e4tte. Wir distanzieren uns hiermit ausdr\u00fccklich von allen Inhalten aller gelinkten Seiten auf anderen Websites und machen uns diese Inhalte nicht zu Eigen. Wir \u00fcbernehmen somit keine Verantwortung f\u00fcr die Inhalte, Fehlerfreiheit und Rechtm\u00e4\u00dfigkeit von Internet-Seiten Dritter.<\/p>\n<p>Diese Websites k\u00f6nnen Daten \u00fcber die Besucher sammeln, Cookies benutzen, zus\u00e4tzliche Tracking-Dienste von Dritten einbetten und die betreffende Interaktion mit dem eingebetteten Inhalt aufzeichnen, falls der Besucher ein Konto hat und auf dieser Website angemeldet ist.<\/p>\n<p>F\u00fcr statistische Zwecke nutze ich &#8222;NewStatPress&#8220;.<\/p>\n<p>Zur Abwehr von Spams werden die Kommentare von &#8222;AntiSpamBee&#8220; \u00fcberpr\u00fcft.<\/p>\n<p>Das automatische Laden unserer Seiten \u00fcber &#8222;Robot\/Crawler&#8220;-Mechanismen ist strengstens verboten. Erlaubnis hierzu haben nur die bekannten gro\u00dfen Suchmaschinen.<\/p>\n<p>Wer an Berichten oder Fotos Ansto\u00df nimmt, kann sich sofort mit mir per e-mail (hans-werner(\u00e4t)olu-limburg.de) in Verbindung setzen, bevor es zu kostenpflichtigen Verfahren kommt. Dies begr\u00fcndet sich in der einschl\u00e4gigen Gesetzgebung.<\/p>\n<p>&nbsp;<\/p>\n<p>&nbsp;<\/p>\n<p>&nbsp;<\/p>\n<p>&nbsp;<\/p>\n<p>&nbsp;<\/p>\n<p>&nbsp;<\/p>\n<p>&nbsp;<\/p>\n<p>&nbsp;<\/p>\n<p>&nbsp;<\/p>\n<p>&nbsp;<\/p>\n<p>&nbsp;<\/p>\n<p>&nbsp;<\/p>\n<p>&nbsp;<\/p>\n<p>&nbsp;<\/p>\n<p>&nbsp;<\/p>\n<p>&nbsp;<\/p>\n<p>&nbsp;<\/p>\n<p>&nbsp;<\/p>\n<p>&nbsp;<\/p>\n<p>&nbsp;<\/p>\n<p>&nbsp;<\/p>\n<p>&nbsp;<\/p>\n<p>&nbsp;<\/p>\n<p>&nbsp;<\/p>\n<p>&nbsp;<\/p>\n<p>&nbsp;<\/p>\n<p>&nbsp;<\/p>\n<p>&nbsp;<\/p>\n<p>&nbsp;<\/p>\n<p>&nbsp;<\/p>\n<p>&nbsp;<\/p>\n<p>&nbsp;<\/p>\n<p>&nbsp;<\/p>\n<p>&nbsp;<\/p>\n<p><a href=\"https:\/\/olu-limburg.de\/wp-login.php\">login<\/a><\/p>\n<p>&nbsp;<\/p>\n<p>&nbsp;<\/p>\n<p>&nbsp;<\/p>\n<p>&nbsp;<\/p>\n<p>&nbsp;<\/p>\n","protected":false},"excerpt":{"rendered":"<p>Impressum Verantwortlich f\u00fcr die redaktionellen Beitr\u00e4ge der Website ist ausschlie\u00dflich der Betreiber der Website. Kontaktadresse: &#8222;hans-werner(\u00e4t)olu-limburg.de&#8220;. Alle Ver\u00f6ffentlichungen auf dieser Homepage sind rein privater Natur. Die Fotoaufnahmen dienen nur der privaten Erinnerung und haben keinen kommerziellen Charakter. Die gewerbliche Nutzung der Fotografien durch andere Personen als den Fotografen werden strafrechtlich verfolgt.\u00a0 Das gleiche gilt f\u00fcr [&hellip;]<\/p>\n","protected":false},"author":1,"featured_media":0,"parent":0,"menu_order":0,"comment_status":"closed","ping_status":"closed","template":"page-templates\/full-width.php","meta":{"footnotes":""},"class_list":["post-114","page","type-page","status-publish","hentry"],"_links":{"self":[{"href":"https:\/\/olu-limburg.de\/index.php?rest_route=\/wp\/v2\/pages\/114","targetHints":{"allow":["GET"]}}],"collection":[{"href":"https:\/\/olu-limburg.de\/index.php?rest_route=\/wp\/v2\/pages"}],"about":[{"href":"https:\/\/olu-limburg.de\/index.php?rest_route=\/wp\/v2\/types\/page"}],"author":[{"embeddable":true,"href":"https:\/\/olu-limburg.de\/index.php?rest_route=\/wp\/v2\/users\/1"}],"replies":[{"embeddable":true,"href":"https:\/\/olu-limburg.de\/index.php?rest_route=%2Fwp%2Fv2%2Fcomments&post=114"}],"version-history":[{"count":15,"href":"https:\/\/olu-limburg.de\/index.php?rest_route=\/wp\/v2\/pages\/114\/revisions"}],"predecessor-version":[{"id":17880,"href":"https:\/\/olu-limburg.de\/index.php?rest_route=\/wp\/v2\/pages\/114\/revisions\/17880"}],"wp:attachment":[{"href":"https:\/\/olu-limburg.de\/index.php?rest_route=%2Fwp%2Fv2%2Fmedia&parent=114"}],"curies":[{"name":"wp","href":"https:\/\/api.w.org\/{rel}","templated":true}]}}