{"id":10696,"date":"2017-03-15T18:35:02","date_gmt":"2017-03-15T17:35:02","guid":{"rendered":"https:\/\/olu-limburg.de\/?page_id=10696"},"modified":"2017-06-26T17:50:22","modified_gmt":"2017-06-26T15:50:22","slug":"ostfriesisches-silvester-2007-in-arbeit","status":"publish","type":"page","link":"https:\/\/olu-limburg.de\/?page_id=10696","title":{"rendered":"Ostfriesisches Silvester 2007"},"content":{"rendered":"<p>&nbsp;<\/p>\n<p>Text und Fotos: Hans-Werner<\/p>\n<p><strong>29.12.2007<\/strong><\/p>\n<p>In den letzten Tagen gab es bei uns einige Ungewissheit, wo unsere Silvester-Tour denn hingehen soll: Schwarzwald, Elsass, Odenwald oder Nordsee standen zur Auswahl. Gestern Abend fiel die Entscheidung zugunsten von Ostfriesland.<\/p>\n<p>Nach einem ausgedehnten Fr\u00fchst\u00fcck geht es los. Von Limburg aus w\u00e4hlen wir die Strecke \u00fcber die A 3 und die A 31 auf die linke Seite der Ems nach Ditzum. Ohne Probleme erreichen wir unser Ziel nach 411 km. Hier gibt es auf dem gro\u00dfen Deich-Parkplatz einen Womo-Stellplatzbereich ohne V+E. Ein weiterer ruhiger Stellplatz f\u00fcr vier bis f\u00fcnf Womos befindet sich hinter dem Sparmarkt (EUR 5,00 incl. V+E; Strom 1,00 EUR\/24 Std.).<\/p>\n<p><a href=\"https:\/\/olu-limburg.de\/wp-content\/uploads\/2017\/03\/P1070233_ergebnis.jpg\"><img loading=\"lazy\" decoding=\"async\" class=\"size-full wp-image-12130 aligncenter\" src=\"https:\/\/olu-limburg.de\/wp-content\/uploads\/2017\/03\/P1070233_ergebnis.jpg\" alt=\"\" width=\"800\" height=\"600\" srcset=\"https:\/\/olu-limburg.de\/wp-content\/uploads\/2017\/03\/P1070233_ergebnis.jpg 800w, https:\/\/olu-limburg.de\/wp-content\/uploads\/2017\/03\/P1070233_ergebnis-300x225.jpg 300w, https:\/\/olu-limburg.de\/wp-content\/uploads\/2017\/03\/P1070233_ergebnis-768x576.jpg 768w, https:\/\/olu-limburg.de\/wp-content\/uploads\/2017\/03\/P1070233_ergebnis-624x468.jpg 624w\" sizes=\"auto, (max-width: 800px) 100vw, 800px\" \/><\/a><\/p>\n<p>Wir schlendern in den Ort und finden ein beschauliches Fischerdorf vor. Es gibt zahlreiche Lokale, die sehr ansprechend aussehen. Vom Hafen aus geht eine F\u00e4hre auf die andere Seite der Ems, die auch Womos mitnimmt.<\/p>\n<p><a href=\"https:\/\/olu-limburg.de\/wp-content\/uploads\/2017\/03\/P1070245_ergebnis.jpg\"><img loading=\"lazy\" decoding=\"async\" class=\"size-full wp-image-12132 aligncenter\" src=\"https:\/\/olu-limburg.de\/wp-content\/uploads\/2017\/03\/P1070245_ergebnis.jpg\" alt=\"\" width=\"800\" height=\"600\" srcset=\"https:\/\/olu-limburg.de\/wp-content\/uploads\/2017\/03\/P1070245_ergebnis.jpg 800w, https:\/\/olu-limburg.de\/wp-content\/uploads\/2017\/03\/P1070245_ergebnis-300x225.jpg 300w, https:\/\/olu-limburg.de\/wp-content\/uploads\/2017\/03\/P1070245_ergebnis-768x576.jpg 768w, https:\/\/olu-limburg.de\/wp-content\/uploads\/2017\/03\/P1070245_ergebnis-624x468.jpg 624w\" sizes=\"auto, (max-width: 800px) 100vw, 800px\" \/><\/a><\/p>\n<p><a href=\"https:\/\/olu-limburg.de\/wp-content\/uploads\/2017\/03\/P1070240_ergebnis.jpg\"><img loading=\"lazy\" decoding=\"async\" class=\"size-full wp-image-12131 aligncenter\" src=\"https:\/\/olu-limburg.de\/wp-content\/uploads\/2017\/03\/P1070240_ergebnis.jpg\" alt=\"\" width=\"800\" height=\"600\" srcset=\"https:\/\/olu-limburg.de\/wp-content\/uploads\/2017\/03\/P1070240_ergebnis.jpg 800w, https:\/\/olu-limburg.de\/wp-content\/uploads\/2017\/03\/P1070240_ergebnis-300x225.jpg 300w, https:\/\/olu-limburg.de\/wp-content\/uploads\/2017\/03\/P1070240_ergebnis-768x576.jpg 768w, https:\/\/olu-limburg.de\/wp-content\/uploads\/2017\/03\/P1070240_ergebnis-624x468.jpg 624w\" sizes=\"auto, (max-width: 800px) 100vw, 800px\" \/><\/a><\/p>\n<p>F\u00fcr den Abend haben wir uns dann ein Restaurant ausgesucht und h\u00f6ren dabei einen Satz, der uns in dem gesamten Urlaub verfolgen sollte: &#8220; Haben Sie reserviert?&#8220;. Wir hatten das nat\u00fcrlich nicht, und so konnten wir nicht immer dort landen, wo wir wollten. Erstaunlicherweise f\u00fcllen sich dann auch die beliebten Lokale ganz schnell mit Ferieng\u00e4sten, die vorher \u00fcberhaupt nicht aufgefallen sind.<\/p>\n<p><a href=\"https:\/\/olu-limburg.de\/wp-content\/uploads\/2017\/03\/P1070268_ergebnis-e1498491427784.jpg\"><img loading=\"lazy\" decoding=\"async\" class=\"size-full wp-image-12133 aligncenter\" src=\"https:\/\/olu-limburg.de\/wp-content\/uploads\/2017\/03\/P1070268_ergebnis-e1498491427784.jpg\" alt=\"\" width=\"450\" height=\"600\" srcset=\"https:\/\/olu-limburg.de\/wp-content\/uploads\/2017\/03\/P1070268_ergebnis-e1498491427784.jpg 450w, https:\/\/olu-limburg.de\/wp-content\/uploads\/2017\/03\/P1070268_ergebnis-e1498491427784-225x300.jpg 225w\" sizes=\"auto, (max-width: 450px) 100vw, 450px\" \/><\/a><\/p>\n<p>&nbsp;<\/p>\n<p><strong>30.12.2007<\/strong><\/p>\n<p>In Ditzum gibt es nicht nur &#8222;Den l\u00fcttje Laden&#8220; sondern auch noch &#8222;dat l\u00fcttje Caf\u00e9&#8220; und hier nehmen wir ein ostfriesisches Fr\u00fchst\u00fcck zu uns. Es herrscht Wohnzimmeratmosph\u00e4re und das Fr\u00fchst\u00fcck ist sehr reichhaltig.<\/p>\n<p><a href=\"https:\/\/olu-limburg.de\/wp-content\/uploads\/2017\/03\/IMG_0122_ergebnis-e1498491505523.jpg\"><img loading=\"lazy\" decoding=\"async\" class=\"size-full wp-image-12126 aligncenter\" src=\"https:\/\/olu-limburg.de\/wp-content\/uploads\/2017\/03\/IMG_0122_ergebnis-e1498491505523.jpg\" alt=\"\" width=\"450\" height=\"600\" \/><\/a><\/p>\n<p>Gut gest\u00e4rkt geht es nun weiter nach Greetsiel (Wegstrecke 71 km). Der Stellplatz in Krummh\u00f6rn-Greetsiel &#8222;An den Zwillingsm\u00fchlen&#8220; ist f\u00fcr bis zu 100 Womos ausgelegt und wird gerade renoviert. Er wird neu geschottert, es werden Str\u00e4ucher angepflanzt, zus\u00e4tzl. Stromk\u00e4sten mit ca. 60 Anschl\u00fcssen gesetzt und an der Platzeinfahrt eine neue Ver- und Entsorgungsanlage gebaut. Momentan werden EUR 8,00 Geb\u00fchr erhoben. Strom gibt es f\u00fcr EUR 1,00\/ 8 Std..<\/p>\n<p><a href=\"https:\/\/olu-limburg.de\/wp-content\/uploads\/2017\/03\/P1070312_ergebnis.jpg\"><img loading=\"lazy\" decoding=\"async\" class=\"size-full wp-image-12144 aligncenter\" src=\"https:\/\/olu-limburg.de\/wp-content\/uploads\/2017\/03\/P1070312_ergebnis.jpg\" alt=\"\" width=\"800\" height=\"600\" srcset=\"https:\/\/olu-limburg.de\/wp-content\/uploads\/2017\/03\/P1070312_ergebnis.jpg 800w, https:\/\/olu-limburg.de\/wp-content\/uploads\/2017\/03\/P1070312_ergebnis-300x225.jpg 300w, https:\/\/olu-limburg.de\/wp-content\/uploads\/2017\/03\/P1070312_ergebnis-768x576.jpg 768w, https:\/\/olu-limburg.de\/wp-content\/uploads\/2017\/03\/P1070312_ergebnis-624x468.jpg 624w\" sizes=\"auto, (max-width: 800px) 100vw, 800px\" \/><\/a><\/p>\n<p><a href=\"https:\/\/olu-limburg.de\/wp-content\/uploads\/2017\/03\/P1070270_ergebnis-e1498491576829.jpg\"><img loading=\"lazy\" decoding=\"async\" class=\"size-full wp-image-12134 aligncenter\" src=\"https:\/\/olu-limburg.de\/wp-content\/uploads\/2017\/03\/P1070270_ergebnis-e1498491576829.jpg\" alt=\"\" width=\"450\" height=\"600\" srcset=\"https:\/\/olu-limburg.de\/wp-content\/uploads\/2017\/03\/P1070270_ergebnis-e1498491576829.jpg 450w, https:\/\/olu-limburg.de\/wp-content\/uploads\/2017\/03\/P1070270_ergebnis-e1498491576829-225x300.jpg 225w\" sizes=\"auto, (max-width: 450px) 100vw, 450px\" \/><\/a><\/p>\n<p>Der erste Rundgang durch den Ort begeistert uns total. Der Fischerort hat noch einen sehr gro\u00dfen Bestand an kleinen schnuckeligen H\u00e4usern rund um den Binnenhafen. Es gibt nur einen Sch\u00f6nheitsfehler, es gibt kein direktes Meer.<\/p>\n<p><a href=\"https:\/\/olu-limburg.de\/wp-content\/uploads\/2017\/03\/P1070287_ergebnis-e1498491642971.jpg\"><img loading=\"lazy\" decoding=\"async\" class=\"size-full wp-image-12140 aligncenter\" src=\"https:\/\/olu-limburg.de\/wp-content\/uploads\/2017\/03\/P1070287_ergebnis-e1498491642971.jpg\" alt=\"\" width=\"450\" height=\"600\" \/><\/a><\/p>\n<p><a href=\"https:\/\/olu-limburg.de\/wp-content\/uploads\/2017\/03\/P1070272_ergebnis-e1498491677814.jpg\"><img loading=\"lazy\" decoding=\"async\" class=\"size-full wp-image-12135 aligncenter\" src=\"https:\/\/olu-limburg.de\/wp-content\/uploads\/2017\/03\/P1070272_ergebnis-e1498491677814.jpg\" alt=\"\" width=\"450\" height=\"600\" srcset=\"https:\/\/olu-limburg.de\/wp-content\/uploads\/2017\/03\/P1070272_ergebnis-e1498491677814.jpg 450w, https:\/\/olu-limburg.de\/wp-content\/uploads\/2017\/03\/P1070272_ergebnis-e1498491677814-225x300.jpg 225w\" sizes=\"auto, (max-width: 450px) 100vw, 450px\" \/><\/a><\/p>\n<p>Da es noch fr\u00fch ist und der Stellplatz nicht voll ist, fahren wir noch nach Norddeich (Wegstrecke 31 km). Wir fahren zum Supermarkt einkaufen und anschlie\u00dfend zum Stellplatz in Norddeich. Von hier aus laufen wir zum Strand und sehen das Meer -weit vor uns-, denn es ist mal wieder &#8222;on Tour&#8220;. Lena wollte aber unbedingt auch mal am Meer sein, wenn wir schon an die Nordsee fahren.<\/p>\n<p><a href=\"https:\/\/olu-limburg.de\/wp-content\/uploads\/2017\/03\/P1070324_ergebnis.jpg\"><img loading=\"lazy\" decoding=\"async\" class=\"size-full wp-image-12145 aligncenter\" src=\"https:\/\/olu-limburg.de\/wp-content\/uploads\/2017\/03\/P1070324_ergebnis.jpg\" alt=\"\" width=\"800\" height=\"600\" srcset=\"https:\/\/olu-limburg.de\/wp-content\/uploads\/2017\/03\/P1070324_ergebnis.jpg 800w, https:\/\/olu-limburg.de\/wp-content\/uploads\/2017\/03\/P1070324_ergebnis-300x225.jpg 300w, https:\/\/olu-limburg.de\/wp-content\/uploads\/2017\/03\/P1070324_ergebnis-768x576.jpg 768w, https:\/\/olu-limburg.de\/wp-content\/uploads\/2017\/03\/P1070324_ergebnis-624x468.jpg 624w\" sizes=\"auto, (max-width: 800px) 100vw, 800px\" \/><\/a><\/p>\n<p>Es geht wieder zur\u00fcck nach Greetsiel (diesmal 19 km). Auf dem Stellplatz hat sich immer noch nicht viel getan. Weil es so sch\u00f6n ist, machen wir noch einen ausgedehnten Spaziergang durch den Ort und raus in Richtung Leybucht und Marschlandschaft. Dort sehen wir auch riesige Schw\u00e4rme von Nonneng\u00e4nsen, die hier im Watt \u00fcberwintern und sich satt fressen bevor es im Fr\u00fchjahr wieder nach Norden geht. Wir st\u00e4rken uns auch bei unserer R\u00fcckkehr im Hafen. Es gibt\u00a0bei einem Lokal leckeren Gl\u00fchwein, aufgepeppt mit 56 %igem Friesengeist. Danach machte sich eine wohltuende M\u00fcdigkeit breit, so da\u00df wir schnell zum Wohnmobil mussten.<\/p>\n<p><a href=\"https:\/\/olu-limburg.de\/wp-content\/uploads\/2017\/03\/P1070274_ergebnis.jpg\"><img loading=\"lazy\" decoding=\"async\" class=\"size-full wp-image-12136 aligncenter\" src=\"https:\/\/olu-limburg.de\/wp-content\/uploads\/2017\/03\/P1070274_ergebnis.jpg\" alt=\"\" width=\"800\" height=\"600\" srcset=\"https:\/\/olu-limburg.de\/wp-content\/uploads\/2017\/03\/P1070274_ergebnis.jpg 800w, https:\/\/olu-limburg.de\/wp-content\/uploads\/2017\/03\/P1070274_ergebnis-300x225.jpg 300w, https:\/\/olu-limburg.de\/wp-content\/uploads\/2017\/03\/P1070274_ergebnis-768x576.jpg 768w, https:\/\/olu-limburg.de\/wp-content\/uploads\/2017\/03\/P1070274_ergebnis-624x468.jpg 624w\" sizes=\"auto, (max-width: 800px) 100vw, 800px\" \/><\/a><\/p>\n<p><a href=\"https:\/\/olu-limburg.de\/wp-content\/uploads\/2017\/03\/P1070297_ergebnis.jpg\"><img loading=\"lazy\" decoding=\"async\" class=\"size-full wp-image-12141 aligncenter\" src=\"https:\/\/olu-limburg.de\/wp-content\/uploads\/2017\/03\/P1070297_ergebnis.jpg\" alt=\"\" width=\"800\" height=\"600\" srcset=\"https:\/\/olu-limburg.de\/wp-content\/uploads\/2017\/03\/P1070297_ergebnis.jpg 800w, https:\/\/olu-limburg.de\/wp-content\/uploads\/2017\/03\/P1070297_ergebnis-300x225.jpg 300w, https:\/\/olu-limburg.de\/wp-content\/uploads\/2017\/03\/P1070297_ergebnis-768x576.jpg 768w, https:\/\/olu-limburg.de\/wp-content\/uploads\/2017\/03\/P1070297_ergebnis-624x468.jpg 624w\" sizes=\"auto, (max-width: 800px) 100vw, 800px\" \/><\/a><\/p>\n<p><a href=\"https:\/\/olu-limburg.de\/wp-content\/uploads\/2017\/03\/P1070281_ergebnis.jpg\"><img loading=\"lazy\" decoding=\"async\" class=\"size-full wp-image-12138 aligncenter\" src=\"https:\/\/olu-limburg.de\/wp-content\/uploads\/2017\/03\/P1070281_ergebnis.jpg\" alt=\"\" width=\"800\" height=\"600\" srcset=\"https:\/\/olu-limburg.de\/wp-content\/uploads\/2017\/03\/P1070281_ergebnis.jpg 800w, https:\/\/olu-limburg.de\/wp-content\/uploads\/2017\/03\/P1070281_ergebnis-300x225.jpg 300w, https:\/\/olu-limburg.de\/wp-content\/uploads\/2017\/03\/P1070281_ergebnis-768x576.jpg 768w, https:\/\/olu-limburg.de\/wp-content\/uploads\/2017\/03\/P1070281_ergebnis-624x468.jpg 624w\" sizes=\"auto, (max-width: 800px) 100vw, 800px\" \/><\/a><\/p>\n<p><a href=\"https:\/\/olu-limburg.de\/wp-content\/uploads\/2017\/03\/P1070279_ergebnis.jpg\"><img loading=\"lazy\" decoding=\"async\" class=\"size-full wp-image-12137 aligncenter\" src=\"https:\/\/olu-limburg.de\/wp-content\/uploads\/2017\/03\/P1070279_ergebnis.jpg\" alt=\"\" width=\"800\" height=\"600\" srcset=\"https:\/\/olu-limburg.de\/wp-content\/uploads\/2017\/03\/P1070279_ergebnis.jpg 800w, https:\/\/olu-limburg.de\/wp-content\/uploads\/2017\/03\/P1070279_ergebnis-300x225.jpg 300w, https:\/\/olu-limburg.de\/wp-content\/uploads\/2017\/03\/P1070279_ergebnis-768x576.jpg 768w, https:\/\/olu-limburg.de\/wp-content\/uploads\/2017\/03\/P1070279_ergebnis-624x468.jpg 624w\" sizes=\"auto, (max-width: 800px) 100vw, 800px\" \/><\/a><\/p>\n<p>Auf unserer abendlichen Restaurantsuche h\u00f6ren wir auch wieder des\u00f6fteren den obligatorischen Satz: &#8222;Haben sie reserviert?&#8220;. Trotzdem werden wir satt und schlafen ruhig auf unserem Stellplatz.<\/p>\n<p>&nbsp;<\/p>\n<p><strong>31.12.2007<\/strong><\/p>\n<p>Wieder ist ein langer Spaziergang geplant, diesmal auf der anderen Seite des Hafens raus. Nach dem Verzehr von guten Matjesbr\u00f6tchen genie\u00dfen wir die frische Luft und denken uns das vor uns liegende Meer. Leider hat das Lokal mit dem Gl\u00fchwein heute geschlossen. Daf\u00fcr gibt es Friesentee und Kuchen.<\/p>\n<p><a href=\"https:\/\/olu-limburg.de\/wp-content\/uploads\/2017\/03\/P1070330_ergebnis.jpg\"><img loading=\"lazy\" decoding=\"async\" class=\"size-full wp-image-12146 aligncenter\" src=\"https:\/\/olu-limburg.de\/wp-content\/uploads\/2017\/03\/P1070330_ergebnis.jpg\" alt=\"\" width=\"800\" height=\"600\" srcset=\"https:\/\/olu-limburg.de\/wp-content\/uploads\/2017\/03\/P1070330_ergebnis.jpg 800w, https:\/\/olu-limburg.de\/wp-content\/uploads\/2017\/03\/P1070330_ergebnis-300x225.jpg 300w, https:\/\/olu-limburg.de\/wp-content\/uploads\/2017\/03\/P1070330_ergebnis-768x576.jpg 768w, https:\/\/olu-limburg.de\/wp-content\/uploads\/2017\/03\/P1070330_ergebnis-624x468.jpg 624w\" sizes=\"auto, (max-width: 800px) 100vw, 800px\" \/><\/a><\/p>\n<p><a href=\"https:\/\/olu-limburg.de\/wp-content\/uploads\/2017\/03\/IMG_0202_ergebnis.jpg\"><img loading=\"lazy\" decoding=\"async\" class=\"size-full wp-image-12128 aligncenter\" src=\"https:\/\/olu-limburg.de\/wp-content\/uploads\/2017\/03\/IMG_0202_ergebnis.jpg\" alt=\"\" width=\"800\" height=\"600\" srcset=\"https:\/\/olu-limburg.de\/wp-content\/uploads\/2017\/03\/IMG_0202_ergebnis.jpg 800w, https:\/\/olu-limburg.de\/wp-content\/uploads\/2017\/03\/IMG_0202_ergebnis-300x225.jpg 300w, https:\/\/olu-limburg.de\/wp-content\/uploads\/2017\/03\/IMG_0202_ergebnis-768x576.jpg 768w, https:\/\/olu-limburg.de\/wp-content\/uploads\/2017\/03\/IMG_0202_ergebnis-624x468.jpg 624w\" sizes=\"auto, (max-width: 800px) 100vw, 800px\" \/><\/a><\/p>\n<div id=\"attachment_12127\" style=\"width: 810px\" class=\"wp-caption aligncenter\"><a href=\"https:\/\/olu-limburg.de\/wp-content\/uploads\/2017\/03\/IMG_0184_ergebnis.jpg\"><img loading=\"lazy\" decoding=\"async\" aria-describedby=\"caption-attachment-12127\" class=\"size-full wp-image-12127\" src=\"https:\/\/olu-limburg.de\/wp-content\/uploads\/2017\/03\/IMG_0184_ergebnis.jpg\" alt=\"\" width=\"800\" height=\"600\" srcset=\"https:\/\/olu-limburg.de\/wp-content\/uploads\/2017\/03\/IMG_0184_ergebnis.jpg 800w, https:\/\/olu-limburg.de\/wp-content\/uploads\/2017\/03\/IMG_0184_ergebnis-300x225.jpg 300w, https:\/\/olu-limburg.de\/wp-content\/uploads\/2017\/03\/IMG_0184_ergebnis-768x576.jpg 768w, https:\/\/olu-limburg.de\/wp-content\/uploads\/2017\/03\/IMG_0184_ergebnis-624x468.jpg 624w\" sizes=\"auto, (max-width: 800px) 100vw, 800px\" \/><\/a><p id=\"caption-attachment-12127\" class=\"wp-caption-text\">Vorgl\u00fchen im Wohnmobil<\/p><\/div>\n<p><a href=\"https:\/\/olu-limburg.de\/wp-content\/uploads\/2017\/03\/P1070282_ergebnis.jpg\"><img loading=\"lazy\" decoding=\"async\" class=\"size-full wp-image-12139 aligncenter\" src=\"https:\/\/olu-limburg.de\/wp-content\/uploads\/2017\/03\/P1070282_ergebnis.jpg\" alt=\"\" width=\"800\" height=\"600\" srcset=\"https:\/\/olu-limburg.de\/wp-content\/uploads\/2017\/03\/P1070282_ergebnis.jpg 800w, https:\/\/olu-limburg.de\/wp-content\/uploads\/2017\/03\/P1070282_ergebnis-300x225.jpg 300w, https:\/\/olu-limburg.de\/wp-content\/uploads\/2017\/03\/P1070282_ergebnis-768x576.jpg 768w, https:\/\/olu-limburg.de\/wp-content\/uploads\/2017\/03\/P1070282_ergebnis-624x468.jpg 624w\" sizes=\"auto, (max-width: 800px) 100vw, 800px\" \/><\/a><\/p>\n<p>Nach dem Abendessen machen wir uns mit einer Flasche Champagner auf in den Ort. Wir haben uns n\u00e4mlich gedacht, da\u00df sich die Leute des Dorfes um Mitternacht bestimmt rund um den Hafen treffen. Genauso geschieht es auch. Es str\u00f6men immer mehr Menschen auf den Platz. Die Jugendlichen knallen schon pausenlos. Um 24.00 Uhr geht dann unter fr\u00f6hlichem &#8222;Prost Neujahr&#8220; ein Feuerwerk in allen Ecken los, welches erst gegen 01.00 Uhr ein Ende findet. Wir stehen noch lange mit anderen Leuten zusammen und es wird sich zugeprostet und ein gl\u00fcckliches neues Jahr gew\u00fcnscht. Es war ganz einfach toll.<\/p>\n<p><a href=\"https:\/\/olu-limburg.de\/wp-content\/uploads\/2017\/03\/P1070305_ergebnis.jpg\"><img loading=\"lazy\" decoding=\"async\" class=\"size-full wp-image-12142 aligncenter\" src=\"https:\/\/olu-limburg.de\/wp-content\/uploads\/2017\/03\/P1070305_ergebnis.jpg\" alt=\"\" width=\"800\" height=\"600\" srcset=\"https:\/\/olu-limburg.de\/wp-content\/uploads\/2017\/03\/P1070305_ergebnis.jpg 800w, https:\/\/olu-limburg.de\/wp-content\/uploads\/2017\/03\/P1070305_ergebnis-300x225.jpg 300w, https:\/\/olu-limburg.de\/wp-content\/uploads\/2017\/03\/P1070305_ergebnis-768x576.jpg 768w, https:\/\/olu-limburg.de\/wp-content\/uploads\/2017\/03\/P1070305_ergebnis-624x468.jpg 624w\" sizes=\"auto, (max-width: 800px) 100vw, 800px\" \/><\/a><\/p>\n<p><a href=\"https:\/\/olu-limburg.de\/wp-content\/uploads\/2017\/03\/P1070307_ergebnis.jpg\"><img loading=\"lazy\" decoding=\"async\" class=\"size-full wp-image-12143 aligncenter\" src=\"https:\/\/olu-limburg.de\/wp-content\/uploads\/2017\/03\/P1070307_ergebnis.jpg\" alt=\"\" width=\"800\" height=\"600\" srcset=\"https:\/\/olu-limburg.de\/wp-content\/uploads\/2017\/03\/P1070307_ergebnis.jpg 800w, https:\/\/olu-limburg.de\/wp-content\/uploads\/2017\/03\/P1070307_ergebnis-300x225.jpg 300w, https:\/\/olu-limburg.de\/wp-content\/uploads\/2017\/03\/P1070307_ergebnis-768x576.jpg 768w, https:\/\/olu-limburg.de\/wp-content\/uploads\/2017\/03\/P1070307_ergebnis-624x468.jpg 624w\" sizes=\"auto, (max-width: 800px) 100vw, 800px\" \/><\/a><\/p>\n<p>&nbsp;<\/p>\n<p><strong>01.01.2008<\/strong><\/p>\n<p>Das Jahr hat sehr sch\u00f6n angefangen und wir spazieren heute zum Pilsumer Leuchtturm mit seinem markanten gelb-roten Anstrich. Wieder sehen wir Schw\u00e4rme von Wildg\u00e4nsen. Von hier aus kann man in die breite Emsm\u00fcndung in Richtung Borkum schauen.<\/p>\n<p><a href=\"https:\/\/olu-limburg.de\/wp-content\/uploads\/2017\/03\/Kopie-von-P1070332_ergebnis.jpg\"><img loading=\"lazy\" decoding=\"async\" class=\"size-full wp-image-12129 aligncenter\" src=\"https:\/\/olu-limburg.de\/wp-content\/uploads\/2017\/03\/Kopie-von-P1070332_ergebnis.jpg\" alt=\"\" width=\"800\" height=\"600\" srcset=\"https:\/\/olu-limburg.de\/wp-content\/uploads\/2017\/03\/Kopie-von-P1070332_ergebnis.jpg 800w, https:\/\/olu-limburg.de\/wp-content\/uploads\/2017\/03\/Kopie-von-P1070332_ergebnis-300x225.jpg 300w, https:\/\/olu-limburg.de\/wp-content\/uploads\/2017\/03\/Kopie-von-P1070332_ergebnis-768x576.jpg 768w, https:\/\/olu-limburg.de\/wp-content\/uploads\/2017\/03\/Kopie-von-P1070332_ergebnis-624x468.jpg 624w\" sizes=\"auto, (max-width: 800px) 100vw, 800px\" \/><\/a><\/p>\n<p><a href=\"https:\/\/olu-limburg.de\/wp-content\/uploads\/2017\/03\/P1070352_ergebnis.jpg\"><img loading=\"lazy\" decoding=\"async\" class=\"alignnone size-full wp-image-12149\" src=\"https:\/\/olu-limburg.de\/wp-content\/uploads\/2017\/03\/P1070352_ergebnis.jpg\" alt=\"\" width=\"800\" height=\"600\" srcset=\"https:\/\/olu-limburg.de\/wp-content\/uploads\/2017\/03\/P1070352_ergebnis.jpg 800w, https:\/\/olu-limburg.de\/wp-content\/uploads\/2017\/03\/P1070352_ergebnis-300x225.jpg 300w, https:\/\/olu-limburg.de\/wp-content\/uploads\/2017\/03\/P1070352_ergebnis-768x576.jpg 768w, https:\/\/olu-limburg.de\/wp-content\/uploads\/2017\/03\/P1070352_ergebnis-624x468.jpg 624w\" sizes=\"auto, (max-width: 800px) 100vw, 800px\" \/><\/a><\/p>\n<p><a href=\"https:\/\/olu-limburg.de\/wp-content\/uploads\/2017\/03\/P1070349_ergebnis-e1498492115652.jpg\"><img loading=\"lazy\" decoding=\"async\" class=\"size-full wp-image-12148 aligncenter\" src=\"https:\/\/olu-limburg.de\/wp-content\/uploads\/2017\/03\/P1070349_ergebnis-e1498492115652.jpg\" alt=\"\" width=\"450\" height=\"600\" srcset=\"https:\/\/olu-limburg.de\/wp-content\/uploads\/2017\/03\/P1070349_ergebnis-e1498492115652.jpg 450w, https:\/\/olu-limburg.de\/wp-content\/uploads\/2017\/03\/P1070349_ergebnis-e1498492115652-225x300.jpg 225w\" sizes=\"auto, (max-width: 450px) 100vw, 450px\" \/><\/a><\/p>\n<p><a href=\"https:\/\/olu-limburg.de\/wp-content\/uploads\/2017\/03\/P1070353_ergebnis.jpg\"><img loading=\"lazy\" decoding=\"async\" class=\"size-full wp-image-12150 aligncenter\" src=\"https:\/\/olu-limburg.de\/wp-content\/uploads\/2017\/03\/P1070353_ergebnis.jpg\" alt=\"\" width=\"800\" height=\"600\" srcset=\"https:\/\/olu-limburg.de\/wp-content\/uploads\/2017\/03\/P1070353_ergebnis.jpg 800w, https:\/\/olu-limburg.de\/wp-content\/uploads\/2017\/03\/P1070353_ergebnis-300x225.jpg 300w, https:\/\/olu-limburg.de\/wp-content\/uploads\/2017\/03\/P1070353_ergebnis-768x576.jpg 768w, https:\/\/olu-limburg.de\/wp-content\/uploads\/2017\/03\/P1070353_ergebnis-624x468.jpg 624w\" sizes=\"auto, (max-width: 800px) 100vw, 800px\" \/><\/a><\/p>\n<p>Heute Abend gehen wir in das Restaurant &#8222;is Teetied&#8220; und probieren die ostfriesische K\u00fcche. F\u00fcr mich gibt es &#8222;Speckfetten&#8220;, das sind graue Bohnen die es nur in Ostfriesland gibt, mit Mettw\u00fcrsten. Es ist ein sehr schmackhafter und deftiger Eintopf.<\/p>\n<p>&nbsp;<\/p>\n<p><strong>02.01.2008<\/strong><\/p>\n<p>Es geht wieder zur\u00fcck nach Limburg. Wir nehmen wie auf der Hinfahrt die A31 und die A 3, und sind nach 439 km wieder zu Hause.<\/p>\n<p>&nbsp;<\/p>\n<p style=\"text-align: center;\"><a href=\"https:\/\/olu-limburg.de\/?page_id=10696\">zur\u00fcck zum Seitenanfang<\/a><\/p>\n","protected":false},"excerpt":{"rendered":"<p>&nbsp; Text und Fotos: Hans-Werner 29.12.2007 In den letzten Tagen gab es bei uns einige Ungewissheit, wo unsere Silvester-Tour denn hingehen soll: Schwarzwald, Elsass, Odenwald oder Nordsee standen zur Auswahl. Gestern Abend fiel die Entscheidung zugunsten von Ostfriesland. Nach einem ausgedehnten Fr\u00fchst\u00fcck geht es los. Von Limburg aus w\u00e4hlen wir die Strecke \u00fcber die A [&hellip;]<\/p>\n","protected":false},"author":1,"featured_media":0,"parent":0,"menu_order":0,"comment_status":"closed","ping_status":"closed","template":"page-templates\/full-width.php","meta":{"footnotes":""},"class_list":["post-10696","page","type-page","status-publish","hentry"],"_links":{"self":[{"href":"https:\/\/olu-limburg.de\/index.php?rest_route=\/wp\/v2\/pages\/10696","targetHints":{"allow":["GET"]}}],"collection":[{"href":"https:\/\/olu-limburg.de\/index.php?rest_route=\/wp\/v2\/pages"}],"about":[{"href":"https:\/\/olu-limburg.de\/index.php?rest_route=\/wp\/v2\/types\/page"}],"author":[{"embeddable":true,"href":"https:\/\/olu-limburg.de\/index.php?rest_route=\/wp\/v2\/users\/1"}],"replies":[{"embeddable":true,"href":"https:\/\/olu-limburg.de\/index.php?rest_route=%2Fwp%2Fv2%2Fcomments&post=10696"}],"version-history":[{"count":8,"href":"https:\/\/olu-limburg.de\/index.php?rest_route=\/wp\/v2\/pages\/10696\/revisions"}],"predecessor-version":[{"id":12152,"href":"https:\/\/olu-limburg.de\/index.php?rest_route=\/wp\/v2\/pages\/10696\/revisions\/12152"}],"wp:attachment":[{"href":"https:\/\/olu-limburg.de\/index.php?rest_route=%2Fwp%2Fv2%2Fmedia&parent=10696"}],"curies":[{"name":"wp","href":"https:\/\/api.w.org\/{rel}","templated":true}]}}